{"id":5749,"date":"2024-05-14T04:31:57","date_gmt":"2024-05-14T04:31:57","guid":{"rendered":"https:\/\/demo06.kory.com.co\/?page_id=5749"},"modified":"2025-09-25T16:52:01","modified_gmt":"2025-09-25T21:52:01","slug":"usurpacion-de-derechos-de-propiedad-industrial","status":"publish","type":"page","link":"https:\/\/provimarcas.com\/en\/usurpacion-de-derechos-de-propiedad-industrial\/","title":{"rendered":"Piracy and IP Enforcement"},"content":{"rendered":"<div data-elementor-type=\"wp-page\" data-elementor-id=\"5749\" class=\"elementor elementor-5749\" data-elementor-settings=\"{&quot;element_pack_global_tooltip_width&quot;:{&quot;unit&quot;:&quot;px&quot;,&quot;size&quot;:&quot;&quot;,&quot;sizes&quot;:[]},&quot;element_pack_global_tooltip_width_tablet&quot;:{&quot;unit&quot;:&quot;px&quot;,&quot;size&quot;:&quot;&quot;,&quot;sizes&quot;:[]},&quot;element_pack_global_tooltip_width_mobile&quot;:{&quot;unit&quot;:&quot;px&quot;,&quot;size&quot;:&quot;&quot;,&quot;sizes&quot;:[]},&quot;element_pack_global_tooltip_padding&quot;:{&quot;unit&quot;:&quot;px&quot;,&quot;top&quot;:&quot;&quot;,&quot;right&quot;:&quot;&quot;,&quot;bottom&quot;:&quot;&quot;,&quot;left&quot;:&quot;&quot;,&quot;isLinked&quot;:true},&quot;element_pack_global_tooltip_padding_tablet&quot;:{&quot;unit&quot;:&quot;px&quot;,&quot;top&quot;:&quot;&quot;,&quot;right&quot;:&quot;&quot;,&quot;bottom&quot;:&quot;&quot;,&quot;left&quot;:&quot;&quot;,&quot;isLinked&quot;:true},&quot;element_pack_global_tooltip_padding_mobile&quot;:{&quot;unit&quot;:&quot;px&quot;,&quot;top&quot;:&quot;&quot;,&quot;right&quot;:&quot;&quot;,&quot;bottom&quot;:&quot;&quot;,&quot;left&quot;:&quot;&quot;,&quot;isLinked&quot;:true},&quot;element_pack_global_tooltip_border_radius&quot;:{&quot;unit&quot;:&quot;px&quot;,&quot;top&quot;:&quot;&quot;,&quot;right&quot;:&quot;&quot;,&quot;bottom&quot;:&quot;&quot;,&quot;left&quot;:&quot;&quot;,&quot;isLinked&quot;:true},&quot;element_pack_global_tooltip_border_radius_tablet&quot;:{&quot;unit&quot;:&quot;px&quot;,&quot;top&quot;:&quot;&quot;,&quot;right&quot;:&quot;&quot;,&quot;bottom&quot;:&quot;&quot;,&quot;left&quot;:&quot;&quot;,&quot;isLinked&quot;:true},&quot;element_pack_global_tooltip_border_radius_mobile&quot;:{&quot;unit&quot;:&quot;px&quot;,&quot;top&quot;:&quot;&quot;,&quot;right&quot;:&quot;&quot;,&quot;bottom&quot;:&quot;&quot;,&quot;left&quot;:&quot;&quot;,&quot;isLinked&quot;:true}}\">\n\t\t\t\t\t\t<div class=\"elementor-section elementor-top-section elementor-element elementor-element-74c103b3 elementor-section-full_width elementor-section-height-default elementor-section-height-default\" data-id=\"74c103b3\" data-element_type=\"section\">\n\t\t\t\t\t\t<div class=\"elementor-container elementor-column-gap-no\">\n\t\t\t\t\t<div class=\"elementor-column elementor-col-100 elementor-top-column elementor-element elementor-element-232f55fb\" data-id=\"232f55fb\" data-element_type=\"column\">\n\t\t\t<div class=\"elementor-widget-wrap elementor-element-populated\">\n\t\t\t\t\t\t<div class=\"elementor-element elementor-element-40ae4775 elementor-widget__width-initial elementor-widget-tablet__width-initial elementor-widget-mobile__width-initial elementor-absolute elementor-invisible elementor-widget elementor-widget-spacer\" data-id=\"40ae4775\" data-element_type=\"widget\" data-settings=\"{&quot;_position&quot;:&quot;absolute&quot;,&quot;_animation&quot;:&quot;fadeInRight&quot;,&quot;_animation_delay&quot;:&quot;400&quot;}\" data-widget_type=\"spacer.default\">\n\t\t\t\t<div class=\"elementor-widget-container\">\n\t\t\t\t\t<div class=\"elementor-spacer\">\r\n\t\t\t<div class=\"elementor-spacer-inner\"><\/div>\r\n\t\t<\/div>\r\n\t\t\t\t<\/div>\n\t\t\t\t<\/div>\n\t\t\t\t<div class=\"elementor-element elementor-element-661e642a elementor-widget__width-initial elementor-widget-tablet__width-initial elementor-widget-mobile__width-initial elementor-absolute elementor-invisible elementor-widget elementor-widget-spacer\" data-id=\"661e642a\" data-element_type=\"widget\" data-settings=\"{&quot;_position&quot;:&quot;absolute&quot;,&quot;_animation&quot;:&quot;fadeInLeft&quot;,&quot;_animation_delay&quot;:&quot;400&quot;}\" data-widget_type=\"spacer.default\">\n\t\t\t\t<div class=\"elementor-widget-container\">\n\t\t\t\t\t<div class=\"elementor-spacer\">\r\n\t\t\t<div class=\"elementor-spacer-inner\"><\/div>\r\n\t\t<\/div>\r\n\t\t\t\t<\/div>\n\t\t\t\t<\/div>\n\t\t\t\t<div class=\"elementor-element elementor-element-50178684 elementor-widget__width-initial elementor-widget-tablet__width-initial elementor-absolute elementor-widget-mobile__width-initial elementor-invisible elementor-widget elementor-widget-spacer\" data-id=\"50178684\" data-element_type=\"widget\" data-settings=\"{&quot;_position&quot;:&quot;absolute&quot;,&quot;_animation&quot;:&quot;fadeInRight&quot;,&quot;_animation_delay&quot;:&quot;400&quot;}\" data-widget_type=\"spacer.default\">\n\t\t\t\t<div class=\"elementor-widget-container\">\n\t\t\t\t\t<div class=\"elementor-spacer\">\r\n\t\t\t<div class=\"elementor-spacer-inner\"><\/div>\r\n\t\t<\/div>\r\n\t\t\t\t<\/div>\n\t\t\t\t<\/div>\n\t\t\t\t<div class=\"elementor-element elementor-element-5e81fac2 elementor-widget__width-initial elementor-widget-tablet__width-initial elementor-widget-mobile__width-initial elementor-absolute ep-parallax-effects-yes elementor-invisible elementor-widget elementor-widget-spacer\" data-id=\"5e81fac2\" data-element_type=\"widget\" data-settings=\"{&quot;_position&quot;:&quot;absolute&quot;,&quot;ep_parallax_effects_show&quot;:&quot;yes&quot;,&quot;ep_parallax_effects_x&quot;:&quot;yes&quot;,&quot;ep_parallax_effects_x_start&quot;:{&quot;unit&quot;:&quot;px&quot;,&quot;size&quot;:0,&quot;sizes&quot;:[]},&quot;ep_parallax_effects_x_end&quot;:{&quot;unit&quot;:&quot;px&quot;,&quot;size&quot;:120,&quot;sizes&quot;:[]},&quot;ep_parallax_effects_media_query&quot;:&quot;@l&quot;,&quot;_animation&quot;:&quot;fadeInRight&quot;,&quot;_animation_delay&quot;:&quot;400&quot;,&quot;ep_parallax_effects_rotate_start&quot;:{&quot;unit&quot;:&quot;px&quot;,&quot;size&quot;:&quot;&quot;,&quot;sizes&quot;:[]},&quot;ep_parallax_effects_rotate_end&quot;:{&quot;unit&quot;:&quot;px&quot;,&quot;size&quot;:&quot;&quot;,&quot;sizes&quot;:[]},&quot;ep_parallax_effects_scale_start&quot;:{&quot;unit&quot;:&quot;px&quot;,&quot;size&quot;:1,&quot;sizes&quot;:[]},&quot;ep_parallax_effects_scale_end&quot;:{&quot;unit&quot;:&quot;px&quot;,&quot;size&quot;:1,&quot;sizes&quot;:[]},&quot;ep_parallax_effects_hue_value&quot;:{&quot;unit&quot;:&quot;px&quot;,&quot;size&quot;:&quot;&quot;,&quot;sizes&quot;:[]},&quot;ep_parallax_effects_sepia_value&quot;:{&quot;unit&quot;:&quot;px&quot;,&quot;size&quot;:1,&quot;sizes&quot;:[]},&quot;ep_parallax_effects_easing_value&quot;:{&quot;unit&quot;:&quot;px&quot;,&quot;size&quot;:1,&quot;sizes&quot;:[]},&quot;ep_parallax_effects_target&quot;:&quot;self&quot;}\" data-widget_type=\"spacer.default\">\n\t\t\t\t<div class=\"elementor-widget-container\">\n\t\t\t\t\t<div class=\"elementor-spacer\">\r\n\t\t\t<div class=\"elementor-spacer-inner\"><\/div>\r\n\t\t<\/div>\r\n\t\t\t\t<\/div>\n\t\t\t\t<\/div>\n\t\t\t\t<div data-ep-wrapper-link=\"{&quot;url&quot;:&quot;https:\\\/\\\/demo06.kory.com.co\\\/procesos-jurisdiccionales\\\/&quot;,&quot;is_external&quot;:&quot;&quot;,&quot;nofollow&quot;:&quot;&quot;,&quot;custom_attributes&quot;:&quot;&quot;}\" style=\"cursor: pointer\" class=\"bdt-element-link elementor-element elementor-element-5b3574f4 elementor-align-center elementor-icon-list--layout-traditional elementor-list-item-link-full_width elementor-invisible elementor-widget elementor-widget-icon-list\" data-id=\"5b3574f4\" data-element_type=\"widget\" data-settings=\"{&quot;_animation&quot;:&quot;fadeInDown&quot;,&quot;_animation_delay&quot;:&quot;200&quot;}\" data-widget_type=\"icon-list.default\">\n\t\t\t\t<div class=\"elementor-widget-container\">\n\t\t\t\t\t<ul class=\"elementor-icon-list-items\">\n\t\t\t\t\t\t\t<li class=\"elementor-icon-list-item\">\n\t\t\t\t\t\t\t\t\t\t\t<a href=\"https:\/\/provimarcas.com\/en\/procesos-jurisdiccionales\/\">\n\n\t\t\t\t\t\t\t\t\t\t\t\t<span class=\"elementor-icon-list-icon\">\n\t\t\t\t\t\t\t<i aria-hidden=\"true\" class=\"ti ti-arrow-left\"><\/i>\t\t\t\t\t\t<\/span>\n\t\t\t\t\t\t\t\t\t\t<span class=\"elementor-icon-list-text\">Services<\/span>\n\t\t\t\t\t\t\t\t\t\t\t<\/a>\n\t\t\t\t\t\t\t\t\t<\/li>\n\t\t\t\t\t\t<\/ul>\n\t\t\t\t<\/div>\n\t\t\t\t<\/div>\n\t\t\t\t<div class=\"elementor-element elementor-element-45caafdf elementor-widget-tablet__width-initial elementor-widget-mobile__width-initial elementor-widget__width-initial elementor-invisible elementor-widget elementor-widget-heading\" data-id=\"45caafdf\" data-element_type=\"widget\" data-settings=\"{&quot;_animation&quot;:&quot;fadeInDown&quot;,&quot;_animation_delay&quot;:&quot;200&quot;}\" data-widget_type=\"heading.default\">\n\t\t\t\t<div class=\"elementor-widget-container\">\n\t\t\t<h1 class=\"elementor-heading-title elementor-size-default\">INFRINGEMENT OF INDUSTRIAL PROPERTY RIGHTS<\/h1>\t\t<\/div>\n\t\t\t\t<\/div>\n\t\t\t\t\t<\/div>\n\t\t<\/div>\n\t\t\t\t\t<\/div>\n\t\t<\/div>\n\t\t\t\t<section class=\"elementor-section elementor-top-section elementor-element elementor-element-15cd93b2 elementor-section-boxed elementor-section-height-default elementor-section-height-default\" data-id=\"15cd93b2\" data-element_type=\"section\">\n\t\t\t\t\t\t<div class=\"elementor-container elementor-column-gap-default\">\n\t\t\t\t\t<div class=\"elementor-column elementor-col-50 elementor-top-column elementor-element elementor-element-6577c67f\" data-id=\"6577c67f\" data-element_type=\"column\">\n\t\t\t<div class=\"elementor-widget-wrap elementor-element-populated\">\n\t\t\t\t\t\t<div class=\"elementor-element elementor-element-1f1bb484 bdt-icon-type-icon elementor-position-top bdt-icon-effect-none elementor-widget elementor-widget-bdt-advanced-icon-box\" data-id=\"1f1bb484\" data-element_type=\"widget\" data-settings=\"{&quot;_animation_delay&quot;:&quot;200&quot;}\" data-widget_type=\"bdt-advanced-icon-box.default\">\n\t\t\t\t<div class=\"elementor-widget-container\">\n\t\t\t\t\t<div class=\"bdt-ep-advanced-icon-box\">\n\n\t\t\t\t\t\t\t\n\t\t\t\t\t<div class=\"bdt-ep-advanced-icon-box-icon\">\n\t\t\t\t<span class=\"bdt-ep-advanced-icon-box-icon-wrap\">\n\n\n\t\t\t\t\t\n\t\t\t\t\t\t<svg aria-hidden=\"true\" class=\"e-font-icon-svg e-fas-star\" viewbox=\"0 0 576 512\" xmlns=\"http:\/\/www.w3.org\/2000\/svg\"><path d=\"M259.3 17.8L194 150.2 47.9 171.5c-26.2 3.8-36.7 36.1-17.7 54.6l105.7 103-25 145.5c-4.5 26.3 23.2 46 46.4 33.7L288 439.6l130.7 68.7c23.2 12.2 50.9-7.4 46.4-33.7l-25-145.5 105.7-103c19-18.5 8.5-50.8-17.7-54.6L382 150.2 316.7 17.8c-11.7-23.6-45.6-23.9-57.4 0z\"><\/path><\/svg>\n\n\t\t\t\t\t\t\t\t\t<\/span>\n\t\t\t<\/div>\n\t\t\n\t\t\t\t\n\t\t\t<div class=\"bdt-ep-advanced-icon-box-content\">\n\n\t\t\t\t\t\t\t\t\t\n\t\t\t\t\t<h6 class=\"bdt-ep-advanced-icon-box-title\">\n\t\t\t\t<span >\n\t\t\t\t\tService\t\t\t\t<\/span>\n\t\t\t<\/h6>\n\t\t\n\n\t\t\n\t\t\t\t\t\n\t\t\t\t\n\t\t\t\t\n\t\t\t\t\t\t\t<\/div>\n\t\t<\/div>\n\n\t\t\n\t\t\n\t\t<\/div>\n\t\t\t\t<\/div>\n\t\t\t\t<div class=\"elementor-element elementor-element-43813242 elementor-widget elementor-widget-heading\" data-id=\"43813242\" data-element_type=\"widget\" data-settings=\"{&quot;_animation_delay&quot;:&quot;200&quot;}\" data-widget_type=\"heading.default\">\n\t\t\t\t<div class=\"elementor-widget-container\">\n\t\t\t<h3 class=\"elementor-heading-title elementor-size-default\">INFRINGEMENT OF INDUSTRIAL PROPERTY RIGHTS<\/h3>\t\t<\/div>\n\t\t\t\t<\/div>\n\t\t\t\t<div class=\"elementor-element elementor-element-912086e elementor-widget elementor-widget-text-editor\" data-id=\"912086e\" data-element_type=\"widget\" data-settings=\"{&quot;_animation_delay&quot;:&quot;200&quot;}\" data-widget_type=\"text-editor.default\">\n\t\t\t\t<div class=\"elementor-widget-container\">\n\t\t\t\t\t\t\t<p>When a third party fraudulently uses legally protected distinctive signs or new creations without the authorization of the owners, it can be reported to the public prosecutor's office for criminal condemnation of the usurpation acts<\/p><p>The purpose of this process is to condemn the usurper to pay a fine and, in certain cases, to serve a prison sentence ranging from 3 to 6 years.<\/p>\t\t\t\t\t\t<\/div>\n\t\t\t\t<\/div>\n\t\t\t\t\t<\/div>\n\t\t<\/div>\n\t\t\t\t<div class=\"elementor-column elementor-col-50 elementor-top-column elementor-element elementor-element-801ce24 elementor-invisible\" data-id=\"801ce24\" data-element_type=\"column\" data-settings=\"{&quot;animation&quot;:&quot;fadeInDown&quot;,&quot;animation_delay&quot;:200}\">\n\t\t\t<div class=\"elementor-widget-wrap elementor-element-populated\">\n\t\t\t\t\t\t<div class=\"elementor-element elementor-element-b0c37f8 elementor-widget__width-initial elementor-widget elementor-widget-image\" data-id=\"b0c37f8\" data-element_type=\"widget\" data-widget_type=\"image.default\">\n\t\t\t\t<div class=\"elementor-widget-container\">\n\t\t\t\t\t\t\t\t\t\t\t\t\t<img fetchpriority=\"high\" decoding=\"async\" width=\"2560\" height=\"1707\" src=\"https:\/\/provimarcas.com\/wp-content\/uploads\/2025\/09\/CHAM4276-1-scaled.jpg\" class=\"attachment-full size-full wp-image-12313\" alt=\"\" srcset=\"https:\/\/provimarcas.com\/wp-content\/uploads\/2025\/09\/CHAM4276-1-scaled.jpg 2560w, https:\/\/provimarcas.com\/wp-content\/uploads\/2025\/09\/CHAM4276-1-300x200.jpg 300w, https:\/\/provimarcas.com\/wp-content\/uploads\/2025\/09\/CHAM4276-1-1024x683.jpg 1024w, https:\/\/provimarcas.com\/wp-content\/uploads\/2025\/09\/CHAM4276-1-768x512.jpg 768w, https:\/\/provimarcas.com\/wp-content\/uploads\/2025\/09\/CHAM4276-1-1536x1024.jpg 1536w, https:\/\/provimarcas.com\/wp-content\/uploads\/2025\/09\/CHAM4276-1-2048x1365.jpg 2048w, https:\/\/provimarcas.com\/wp-content\/uploads\/2025\/09\/CHAM4276-1-18x12.jpg 18w, https:\/\/provimarcas.com\/wp-content\/uploads\/2025\/09\/CHAM4276-1-650x433.jpg 650w\" sizes=\"(max-width: 2560px) 100vw, 2560px\" \/>\t\t\t\t\t\t\t\t\t\t\t\t\t<\/div>\n\t\t\t\t<\/div>\n\t\t\t\t\t<\/div>\n\t\t<\/div>\n\t\t\t\t\t<\/div>\n\t\t<\/section>\n\t\t<div class=\"elementor-element elementor-element-5c2ffa8 e-flex e-con-boxed e-con e-parent\" data-id=\"5c2ffa8\" data-element_type=\"container\">\n\t\t\t\t\t<div class=\"e-con-inner\">\n\t\t\t\t<div class=\"elementor-element elementor-element-ddbdbe7 elementor-widget elementor-widget-spacer\" data-id=\"ddbdbe7\" data-element_type=\"widget\" data-widget_type=\"spacer.default\">\n\t\t\t\t<div class=\"elementor-widget-container\">\n\t\t\t\t\t<div class=\"elementor-spacer\">\r\n\t\t\t<div class=\"elementor-spacer-inner\"><\/div>\r\n\t\t<\/div>\r\n\t\t\t\t<\/div>\n\t\t\t\t<\/div>\n\t\t\t\t<div class=\"elementor-element elementor-element-ff8ff30 elementor-widget-tablet__width-initial elementor-widget-mobile__width-initial elementor-widget__width-initial elementor-invisible elementor-widget elementor-widget-heading\" data-id=\"ff8ff30\" data-element_type=\"widget\" data-settings=\"{&quot;_animation&quot;:&quot;fadeInDown&quot;,&quot;_animation_delay&quot;:&quot;200&quot;}\" data-widget_type=\"heading.default\">\n\t\t\t\t<div class=\"elementor-widget-container\">\n\t\t\t<h1 class=\"elementor-heading-title elementor-size-default\">What solution are you looking for?<\/h1>\t\t<\/div>\n\t\t\t\t<\/div>\n\t\t\t\t<div class=\"elementor-element elementor-element-ad4aa2d elementor-widget elementor-widget-button\" data-id=\"ad4aa2d\" data-element_type=\"widget\" data-widget_type=\"button.default\">\n\t\t\t\t<div class=\"elementor-widget-container\">\n\t\t\t\t\t<div class=\"elementor-button-wrapper\">\n\t\t\t<a class=\"elementor-button elementor-button-link elementor-size-sm\" href=\"https:\/\/provimarcas.com\/en\/provicontacto\/\">\n\t\t\t\t\t\t<span class=\"elementor-button-content-wrapper\">\n\t\t\t\t\t\t\t\t\t<span class=\"elementor-button-text\">Talk to an advisor <\/span>\n\t\t\t\t\t<\/span>\n\t\t\t\t\t<\/a>\n\t\t<\/div>\n\t\t\t\t<\/div>\n\t\t\t\t<\/div>\n\t\t\t\t<div class=\"elementor-element elementor-element-1c5feae elementor-widget elementor-widget-spacer\" data-id=\"1c5feae\" data-element_type=\"widget\" data-widget_type=\"spacer.default\">\n\t\t\t\t<div class=\"elementor-widget-container\">\n\t\t\t\t\t<div class=\"elementor-spacer\">\r\n\t\t\t<div class=\"elementor-spacer-inner\"><\/div>\r\n\t\t<\/div>\r\n\t\t\t\t<\/div>\n\t\t\t\t<\/div>\n\t\t\t\t\t<\/div>\n\t\t\t\t<\/div>\n\t\t\t\t<\/div>","protected":false},"excerpt":{"rendered":"<p>Services USURPACI\u00d3N DE DERECHOS DE PROPIEDAD INDUSTRIAL Servicio USURPACI\u00d3N DE DERECHOS DE PROPIEDAD INDUSTRIAL Cuando un tercero de manera fraudulenta utiliza los [&hellip;]<\/p>","protected":false},"author":3,"featured_media":0,"parent":0,"menu_order":0,"comment_status":"closed","ping_status":"closed","template":"","meta":{"footnotes":""},"yoast_head":"<!-- This site is optimized with the Yoast SEO plugin v23.2 - https:\/\/yoast.com\/wordpress\/plugins\/seo\/ -->\n<title>Usurpaci\u00f3n de derechos de propiedad industrial - Provimarcas<\/title>\n<meta name=\"robots\" content=\"index, follow, max-snippet:-1, max-image-preview:large, max-video-preview:-1\" \/>\n<link rel=\"canonical\" href=\"https:\/\/provimarcas.com\/en\/usurpacion-de-derechos-de-propiedad-industrial\/\" \/>\n<meta property=\"og:locale\" content=\"en_US\" \/>\n<meta property=\"og:type\" content=\"article\" \/>\n<meta property=\"og:title\" content=\"Usurpaci\u00f3n de derechos de propiedad industrial - Provimarcas\" \/>\n<meta property=\"og:description\" content=\"Services USURPACI\u00d3N DE DERECHOS DE PROPIEDAD INDUSTRIAL Servicio USURPACI\u00d3N DE DERECHOS DE PROPIEDAD INDUSTRIAL Cuando un tercero de manera fraudulenta utiliza los [&hellip;]\" \/>\n<meta property=\"og:url\" content=\"https:\/\/provimarcas.com\/en\/usurpacion-de-derechos-de-propiedad-industrial\/\" \/>\n<meta property=\"og:site_name\" content=\"Provimarcas\" \/>\n<meta property=\"article:publisher\" content=\"https:\/\/www.facebook.com\/provimarcas\" \/>\n<meta property=\"article:modified_time\" content=\"2025-09-25T21:52:01+00:00\" \/>\n<meta property=\"og:image\" content=\"https:\/\/provimarcas.com\/wp-content\/uploads\/2025\/09\/CHAM4276-1-scaled.jpg\" \/>\n<meta name=\"twitter:card\" content=\"summary_large_image\" \/>\n<meta name=\"twitter:label1\" content=\"Est. reading time\" \/>\n\t<meta name=\"twitter:data1\" content=\"1 minute\" \/>\n<script type=\"application\/ld+json\" class=\"yoast-schema-graph\">{\"@context\":\"https:\/\/schema.org\",\"@graph\":[{\"@type\":\"WebPage\",\"@id\":\"https:\/\/provimarcas.com\/usurpacion-de-derechos-de-propiedad-industrial\/\",\"url\":\"https:\/\/provimarcas.com\/usurpacion-de-derechos-de-propiedad-industrial\/\",\"name\":\"Usurpaci\u00f3n de derechos de propiedad industrial - Provimarcas\",\"isPartOf\":{\"@id\":\"https:\/\/provimarcas.com\/#website\"},\"primaryImageOfPage\":{\"@id\":\"https:\/\/provimarcas.com\/usurpacion-de-derechos-de-propiedad-industrial\/#primaryimage\"},\"image\":{\"@id\":\"https:\/\/provimarcas.com\/usurpacion-de-derechos-de-propiedad-industrial\/#primaryimage\"},\"thumbnailUrl\":\"https:\/\/provimarcas.com\/wp-content\/uploads\/2025\/09\/CHAM4276-1-scaled.jpg\",\"datePublished\":\"2024-05-14T04:31:57+00:00\",\"dateModified\":\"2025-09-25T21:52:01+00:00\",\"breadcrumb\":{\"@id\":\"https:\/\/provimarcas.com\/usurpacion-de-derechos-de-propiedad-industrial\/#breadcrumb\"},\"inLanguage\":\"en-US\",\"potentialAction\":[{\"@type\":\"ReadAction\",\"target\":[\"https:\/\/provimarcas.com\/usurpacion-de-derechos-de-propiedad-industrial\/\"]}]},{\"@type\":\"ImageObject\",\"inLanguage\":\"en-US\",\"@id\":\"https:\/\/provimarcas.com\/usurpacion-de-derechos-de-propiedad-industrial\/#primaryimage\",\"url\":\"https:\/\/provimarcas.com\/wp-content\/uploads\/2025\/09\/CHAM4276-1-scaled.jpg\",\"contentUrl\":\"https:\/\/provimarcas.com\/wp-content\/uploads\/2025\/09\/CHAM4276-1-scaled.jpg\"},{\"@type\":\"BreadcrumbList\",\"@id\":\"https:\/\/provimarcas.com\/usurpacion-de-derechos-de-propiedad-industrial\/#breadcrumb\",\"itemListElement\":[{\"@type\":\"ListItem\",\"position\":1,\"name\":\"Home\",\"item\":\"https:\/\/provimarcas.com\/\"},{\"@type\":\"ListItem\",\"position\":2,\"name\":\"Usurpaci\u00f3n de derechos de propiedad industrial\"}]},{\"@type\":\"WebSite\",\"@id\":\"https:\/\/provimarcas.com\/#website\",\"url\":\"https:\/\/provimarcas.com\/\",\"name\":\"Provimarcas\",\"description\":\"\",\"publisher\":{\"@id\":\"https:\/\/provimarcas.com\/#organization\"},\"potentialAction\":[{\"@type\":\"SearchAction\",\"target\":{\"@type\":\"EntryPoint\",\"urlTemplate\":\"https:\/\/provimarcas.com\/?s={search_term_string}\"},\"query-input\":\"required name=search_term_string\"}],\"inLanguage\":\"en-US\"},{\"@type\":\"Organization\",\"@id\":\"https:\/\/provimarcas.com\/#organization\",\"name\":\"Provimarcas\",\"url\":\"https:\/\/provimarcas.com\/\",\"logo\":{\"@type\":\"ImageObject\",\"inLanguage\":\"en-US\",\"@id\":\"https:\/\/provimarcas.com\/#\/schema\/logo\/image\/\",\"url\":\"https:\/\/provimarcas.com\/wp-content\/uploads\/2022\/09\/ingles_mobile-provimarcas.jpg\",\"contentUrl\":\"https:\/\/provimarcas.com\/wp-content\/uploads\/2022\/09\/ingles_mobile-provimarcas.jpg\",\"width\":480,\"height\":420,\"caption\":\"Provimarcas\"},\"image\":{\"@id\":\"https:\/\/provimarcas.com\/#\/schema\/logo\/image\/\"},\"sameAs\":[\"https:\/\/www.facebook.com\/provimarcas\"]}]}<\/script>\n<!-- \/ Yoast SEO plugin. -->","yoast_head_json":{"title":"Usurpaci\u00f3n de derechos de propiedad industrial - Provimarcas","robots":{"index":"index","follow":"follow","max-snippet":"max-snippet:-1","max-image-preview":"max-image-preview:large","max-video-preview":"max-video-preview:-1"},"canonical":"https:\/\/provimarcas.com\/en\/usurpacion-de-derechos-de-propiedad-industrial\/","og_locale":"en_US","og_type":"article","og_title":"Usurpaci\u00f3n de derechos de propiedad industrial - Provimarcas","og_description":"Services USURPACI\u00d3N DE DERECHOS DE PROPIEDAD INDUSTRIAL Servicio USURPACI\u00d3N DE DERECHOS DE PROPIEDAD INDUSTRIAL Cuando un tercero de manera fraudulenta utiliza los [&hellip;]","og_url":"https:\/\/provimarcas.com\/en\/usurpacion-de-derechos-de-propiedad-industrial\/","og_site_name":"Provimarcas","article_publisher":"https:\/\/www.facebook.com\/provimarcas","article_modified_time":"2025-09-25T21:52:01+00:00","og_image":[{"url":"https:\/\/provimarcas.com\/wp-content\/uploads\/2025\/09\/CHAM4276-1-scaled.jpg"}],"twitter_card":"summary_large_image","twitter_misc":{"Est. reading time":"1 minute"},"schema":{"@context":"https:\/\/schema.org","@graph":[{"@type":"WebPage","@id":"https:\/\/provimarcas.com\/usurpacion-de-derechos-de-propiedad-industrial\/","url":"https:\/\/provimarcas.com\/usurpacion-de-derechos-de-propiedad-industrial\/","name":"Usurpaci\u00f3n de derechos de propiedad industrial - Provimarcas","isPartOf":{"@id":"https:\/\/provimarcas.com\/#website"},"primaryImageOfPage":{"@id":"https:\/\/provimarcas.com\/usurpacion-de-derechos-de-propiedad-industrial\/#primaryimage"},"image":{"@id":"https:\/\/provimarcas.com\/usurpacion-de-derechos-de-propiedad-industrial\/#primaryimage"},"thumbnailUrl":"https:\/\/provimarcas.com\/wp-content\/uploads\/2025\/09\/CHAM4276-1-scaled.jpg","datePublished":"2024-05-14T04:31:57+00:00","dateModified":"2025-09-25T21:52:01+00:00","breadcrumb":{"@id":"https:\/\/provimarcas.com\/usurpacion-de-derechos-de-propiedad-industrial\/#breadcrumb"},"inLanguage":"en-US","potentialAction":[{"@type":"ReadAction","target":["https:\/\/provimarcas.com\/usurpacion-de-derechos-de-propiedad-industrial\/"]}]},{"@type":"ImageObject","inLanguage":"en-US","@id":"https:\/\/provimarcas.com\/usurpacion-de-derechos-de-propiedad-industrial\/#primaryimage","url":"https:\/\/provimarcas.com\/wp-content\/uploads\/2025\/09\/CHAM4276-1-scaled.jpg","contentUrl":"https:\/\/provimarcas.com\/wp-content\/uploads\/2025\/09\/CHAM4276-1-scaled.jpg"},{"@type":"BreadcrumbList","@id":"https:\/\/provimarcas.com\/usurpacion-de-derechos-de-propiedad-industrial\/#breadcrumb","itemListElement":[{"@type":"ListItem","position":1,"name":"Home","item":"https:\/\/provimarcas.com\/"},{"@type":"ListItem","position":2,"name":"Usurpaci\u00f3n de derechos de propiedad industrial"}]},{"@type":"WebSite","@id":"https:\/\/provimarcas.com\/#website","url":"https:\/\/provimarcas.com\/","name":"Provimarcas","description":"","publisher":{"@id":"https:\/\/provimarcas.com\/#organization"},"potentialAction":[{"@type":"SearchAction","target":{"@type":"EntryPoint","urlTemplate":"https:\/\/provimarcas.com\/?s={search_term_string}"},"query-input":"required name=search_term_string"}],"inLanguage":"en-US"},{"@type":"Organization","@id":"https:\/\/provimarcas.com\/#organization","name":"Provimarcas","url":"https:\/\/provimarcas.com\/","logo":{"@type":"ImageObject","inLanguage":"en-US","@id":"https:\/\/provimarcas.com\/#\/schema\/logo\/image\/","url":"https:\/\/provimarcas.com\/wp-content\/uploads\/2022\/09\/ingles_mobile-provimarcas.jpg","contentUrl":"https:\/\/provimarcas.com\/wp-content\/uploads\/2022\/09\/ingles_mobile-provimarcas.jpg","width":480,"height":420,"caption":"Provimarcas"},"image":{"@id":"https:\/\/provimarcas.com\/#\/schema\/logo\/image\/"},"sameAs":["https:\/\/www.facebook.com\/provimarcas"]}]}},"_links":{"self":[{"href":"https:\/\/provimarcas.com\/en\/wp-json\/wp\/v2\/pages\/5749"}],"collection":[{"href":"https:\/\/provimarcas.com\/en\/wp-json\/wp\/v2\/pages"}],"about":[{"href":"https:\/\/provimarcas.com\/en\/wp-json\/wp\/v2\/types\/page"}],"author":[{"embeddable":true,"href":"https:\/\/provimarcas.com\/en\/wp-json\/wp\/v2\/users\/3"}],"replies":[{"embeddable":true,"href":"https:\/\/provimarcas.com\/en\/wp-json\/wp\/v2\/comments?post=5749"}],"version-history":[{"count":27,"href":"https:\/\/provimarcas.com\/en\/wp-json\/wp\/v2\/pages\/5749\/revisions"}],"predecessor-version":[{"id":12994,"href":"https:\/\/provimarcas.com\/en\/wp-json\/wp\/v2\/pages\/5749\/revisions\/12994"}],"wp:attachment":[{"href":"https:\/\/provimarcas.com\/en\/wp-json\/wp\/v2\/media?parent=5749"}],"curies":[{"name":"wp","href":"https:\/\/api.w.org\/{rel}","templated":true}]}}