{"id":5823,"date":"2024-05-15T05:01:26","date_gmt":"2024-05-15T05:01:26","guid":{"rendered":"https:\/\/demo06.kory.com.co\/?page_id=5823"},"modified":"2025-09-25T16:43:45","modified_gmt":"2025-09-25T21:43:45","slug":"disenos-industriales","status":"publish","type":"page","link":"https:\/\/provimarcas.com\/en\/disenos-industriales\/","title":{"rendered":"INDUSTRIAL DESIGNS"},"content":{"rendered":"<div data-elementor-type=\"wp-page\" data-elementor-id=\"5823\" class=\"elementor elementor-5823\" data-elementor-settings=\"{&quot;element_pack_global_tooltip_width&quot;:{&quot;unit&quot;:&quot;px&quot;,&quot;size&quot;:&quot;&quot;,&quot;sizes&quot;:[]},&quot;element_pack_global_tooltip_width_tablet&quot;:{&quot;unit&quot;:&quot;px&quot;,&quot;size&quot;:&quot;&quot;,&quot;sizes&quot;:[]},&quot;element_pack_global_tooltip_width_mobile&quot;:{&quot;unit&quot;:&quot;px&quot;,&quot;size&quot;:&quot;&quot;,&quot;sizes&quot;:[]},&quot;element_pack_global_tooltip_padding&quot;:{&quot;unit&quot;:&quot;px&quot;,&quot;top&quot;:&quot;&quot;,&quot;right&quot;:&quot;&quot;,&quot;bottom&quot;:&quot;&quot;,&quot;left&quot;:&quot;&quot;,&quot;isLinked&quot;:true},&quot;element_pack_global_tooltip_padding_tablet&quot;:{&quot;unit&quot;:&quot;px&quot;,&quot;top&quot;:&quot;&quot;,&quot;right&quot;:&quot;&quot;,&quot;bottom&quot;:&quot;&quot;,&quot;left&quot;:&quot;&quot;,&quot;isLinked&quot;:true},&quot;element_pack_global_tooltip_padding_mobile&quot;:{&quot;unit&quot;:&quot;px&quot;,&quot;top&quot;:&quot;&quot;,&quot;right&quot;:&quot;&quot;,&quot;bottom&quot;:&quot;&quot;,&quot;left&quot;:&quot;&quot;,&quot;isLinked&quot;:true},&quot;element_pack_global_tooltip_border_radius&quot;:{&quot;unit&quot;:&quot;px&quot;,&quot;top&quot;:&quot;&quot;,&quot;right&quot;:&quot;&quot;,&quot;bottom&quot;:&quot;&quot;,&quot;left&quot;:&quot;&quot;,&quot;isLinked&quot;:true},&quot;element_pack_global_tooltip_border_radius_tablet&quot;:{&quot;unit&quot;:&quot;px&quot;,&quot;top&quot;:&quot;&quot;,&quot;right&quot;:&quot;&quot;,&quot;bottom&quot;:&quot;&quot;,&quot;left&quot;:&quot;&quot;,&quot;isLinked&quot;:true},&quot;element_pack_global_tooltip_border_radius_mobile&quot;:{&quot;unit&quot;:&quot;px&quot;,&quot;top&quot;:&quot;&quot;,&quot;right&quot;:&quot;&quot;,&quot;bottom&quot;:&quot;&quot;,&quot;left&quot;:&quot;&quot;,&quot;isLinked&quot;:true}}\">\n\t\t\t\t\t\t<div class=\"elementor-section elementor-top-section elementor-element elementor-element-74c103b3 elementor-section-full_width elementor-section-height-default elementor-section-height-default\" data-id=\"74c103b3\" data-element_type=\"section\">\n\t\t\t\t\t\t<div class=\"elementor-container elementor-column-gap-no\">\n\t\t\t\t\t<div class=\"elementor-column elementor-col-100 elementor-top-column elementor-element elementor-element-232f55fb\" data-id=\"232f55fb\" data-element_type=\"column\">\n\t\t\t<div class=\"elementor-widget-wrap elementor-element-populated\">\n\t\t\t\t\t\t<div class=\"elementor-element elementor-element-40ae4775 elementor-widget__width-initial elementor-widget-tablet__width-initial elementor-widget-mobile__width-initial elementor-absolute elementor-invisible elementor-widget elementor-widget-spacer\" data-id=\"40ae4775\" data-element_type=\"widget\" data-settings=\"{&quot;_position&quot;:&quot;absolute&quot;,&quot;_animation&quot;:&quot;fadeInRight&quot;,&quot;_animation_delay&quot;:&quot;400&quot;}\" data-widget_type=\"spacer.default\">\n\t\t\t\t<div class=\"elementor-widget-container\">\n\t\t\t\t\t<div class=\"elementor-spacer\">\r\n\t\t\t<div class=\"elementor-spacer-inner\"><\/div>\r\n\t\t<\/div>\r\n\t\t\t\t<\/div>\n\t\t\t\t<\/div>\n\t\t\t\t<div class=\"elementor-element elementor-element-661e642a elementor-widget__width-initial elementor-widget-tablet__width-initial elementor-widget-mobile__width-initial elementor-absolute elementor-invisible elementor-widget elementor-widget-spacer\" data-id=\"661e642a\" data-element_type=\"widget\" data-settings=\"{&quot;_position&quot;:&quot;absolute&quot;,&quot;_animation&quot;:&quot;fadeInLeft&quot;,&quot;_animation_delay&quot;:&quot;400&quot;}\" data-widget_type=\"spacer.default\">\n\t\t\t\t<div class=\"elementor-widget-container\">\n\t\t\t\t\t<div class=\"elementor-spacer\">\r\n\t\t\t<div class=\"elementor-spacer-inner\"><\/div>\r\n\t\t<\/div>\r\n\t\t\t\t<\/div>\n\t\t\t\t<\/div>\n\t\t\t\t<div data-ep-wrapper-link=\"{&quot;url&quot;:&quot;https:\\\/\\\/demo06.kory.com.co\\\/derechos-de-autor\\\/&quot;,&quot;is_external&quot;:&quot;&quot;,&quot;nofollow&quot;:&quot;&quot;,&quot;custom_attributes&quot;:&quot;&quot;}\" style=\"cursor: pointer\" class=\"bdt-element-link elementor-element elementor-element-5b3574f4 elementor-align-center elementor-icon-list--layout-traditional elementor-list-item-link-full_width elementor-invisible elementor-widget elementor-widget-icon-list\" data-id=\"5b3574f4\" data-element_type=\"widget\" data-settings=\"{&quot;_animation&quot;:&quot;fadeInDown&quot;,&quot;_animation_delay&quot;:&quot;200&quot;}\" data-widget_type=\"icon-list.default\">\n\t\t\t\t<div class=\"elementor-widget-container\">\n\t\t\t\t\t<ul class=\"elementor-icon-list-items\">\n\t\t\t\t\t\t\t<li class=\"elementor-icon-list-item\">\n\t\t\t\t\t\t\t\t\t\t\t<a href=\"https:\/\/provimarcas.com\/en\/nuevas-creaciones\/\">\n\n\t\t\t\t\t\t\t\t\t\t\t\t<span class=\"elementor-icon-list-icon\">\n\t\t\t\t\t\t\t<i aria-hidden=\"true\" class=\"ti ti-arrow-left\"><\/i>\t\t\t\t\t\t<\/span>\n\t\t\t\t\t\t\t\t\t\t<span class=\"elementor-icon-list-text\">Services<\/span>\n\t\t\t\t\t\t\t\t\t\t\t<\/a>\n\t\t\t\t\t\t\t\t\t<\/li>\n\t\t\t\t\t\t<\/ul>\n\t\t\t\t<\/div>\n\t\t\t\t<\/div>\n\t\t\t\t<div class=\"elementor-element elementor-element-45caafdf elementor-widget-tablet__width-initial elementor-widget-mobile__width-initial elementor-widget__width-initial elementor-invisible elementor-widget elementor-widget-heading\" data-id=\"45caafdf\" data-element_type=\"widget\" data-settings=\"{&quot;_animation&quot;:&quot;fadeInDown&quot;,&quot;_animation_delay&quot;:&quot;200&quot;}\" data-widget_type=\"heading.default\">\n\t\t\t\t<div class=\"elementor-widget-container\">\n\t\t\t<h1 class=\"elementor-heading-title elementor-size-default\">INDUSTRIAL DESIGNS<\/h1>\t\t<\/div>\n\t\t\t\t<\/div>\n\t\t\t\t\t<\/div>\n\t\t<\/div>\n\t\t\t\t\t<\/div>\n\t\t<\/div>\n\t\t\t\t<section class=\"elementor-section elementor-top-section elementor-element elementor-element-15cd93b2 elementor-section-boxed elementor-section-height-default elementor-section-height-default\" data-id=\"15cd93b2\" data-element_type=\"section\">\n\t\t\t\t\t\t<div class=\"elementor-container elementor-column-gap-default\">\n\t\t\t\t\t<div class=\"elementor-column elementor-col-50 elementor-top-column elementor-element elementor-element-6577c67f\" data-id=\"6577c67f\" data-element_type=\"column\">\n\t\t\t<div class=\"elementor-widget-wrap elementor-element-populated\">\n\t\t\t\t\t\t<div class=\"elementor-element elementor-element-1f1bb484 bdt-icon-type-icon elementor-position-top bdt-icon-effect-none elementor-widget elementor-widget-bdt-advanced-icon-box\" data-id=\"1f1bb484\" data-element_type=\"widget\" data-settings=\"{&quot;_animation_delay&quot;:&quot;200&quot;}\" data-widget_type=\"bdt-advanced-icon-box.default\">\n\t\t\t\t<div class=\"elementor-widget-container\">\n\t\t\t\t\t<div class=\"bdt-ep-advanced-icon-box\">\n\n\t\t\t\t\t\t\t\n\t\t\t\t\t<div class=\"bdt-ep-advanced-icon-box-icon\">\n\t\t\t\t<span class=\"bdt-ep-advanced-icon-box-icon-wrap\">\n\n\n\t\t\t\t\t\n\t\t\t\t\t\t<svg aria-hidden=\"true\" class=\"e-font-icon-svg e-fas-star\" viewbox=\"0 0 576 512\" xmlns=\"http:\/\/www.w3.org\/2000\/svg\"><path d=\"M259.3 17.8L194 150.2 47.9 171.5c-26.2 3.8-36.7 36.1-17.7 54.6l105.7 103-25 145.5c-4.5 26.3 23.2 46 46.4 33.7L288 439.6l130.7 68.7c23.2 12.2 50.9-7.4 46.4-33.7l-25-145.5 105.7-103c19-18.5 8.5-50.8-17.7-54.6L382 150.2 316.7 17.8c-11.7-23.6-45.6-23.9-57.4 0z\"><\/path><\/svg>\n\n\t\t\t\t\t\t\t\t\t<\/span>\n\t\t\t<\/div>\n\t\t\n\t\t\t\t\n\t\t\t<div class=\"bdt-ep-advanced-icon-box-content\">\n\n\t\t\t\t\t\t\t\t\t\n\t\t\t\t\t<h6 class=\"bdt-ep-advanced-icon-box-title\">\n\t\t\t\t<span >\n\t\t\t\t\tService\t\t\t\t<\/span>\n\t\t\t<\/h6>\n\t\t\n\n\t\t\n\t\t\t\t\t\n\t\t\t\t\n\t\t\t\t\n\t\t\t\t\t\t\t<\/div>\n\t\t<\/div>\n\n\t\t\n\t\t\n\t\t<\/div>\n\t\t\t\t<\/div>\n\t\t\t\t<div class=\"elementor-element elementor-element-43813242 elementor-widget elementor-widget-heading\" data-id=\"43813242\" data-element_type=\"widget\" data-settings=\"{&quot;_animation_delay&quot;:&quot;200&quot;}\" data-widget_type=\"heading.default\">\n\t\t\t\t<div class=\"elementor-widget-container\">\n\t\t\t<h3 class=\"elementor-heading-title elementor-size-default\">INDUSTRIAL DESIGNS<\/h3>\t\t<\/div>\n\t\t\t\t<\/div>\n\t\t\t\t<div class=\"elementor-element elementor-element-912086e elementor-widget elementor-widget-text-editor\" data-id=\"912086e\" data-element_type=\"widget\" data-settings=\"{&quot;_animation_delay&quot;:&quot;200&quot;}\" data-widget_type=\"text-editor.default\">\n\t\t\t\t<div class=\"elementor-widget-container\">\n\t\t\t\t\t\t\t<p>An industrial design is the two-dimensional or three-dimensional form of presenting products, focusing on their aesthetic appearance. To be protected, designs must be novel, meaning they must not have previously existed anywhere in the world.<\/p><p>Designs are registered with the industrial property office of each country, typically for 10 years, non-renewable. Once this period expires, they enter the public domain.<\/p>\t\t\t\t\t\t<\/div>\n\t\t\t\t<\/div>\n\t\t\t\t\t<\/div>\n\t\t<\/div>\n\t\t\t\t<div class=\"elementor-column elementor-col-50 elementor-top-column elementor-element elementor-element-801ce24 elementor-invisible\" data-id=\"801ce24\" data-element_type=\"column\" data-settings=\"{&quot;animation&quot;:&quot;fadeInDown&quot;,&quot;animation_delay&quot;:200}\">\n\t\t\t<div class=\"elementor-widget-wrap elementor-element-populated\">\n\t\t\t\t\t\t<div class=\"elementor-element elementor-element-b0c37f8 elementor-widget__width-initial elementor-widget elementor-widget-image\" data-id=\"b0c37f8\" data-element_type=\"widget\" data-widget_type=\"image.default\">\n\t\t\t\t<div class=\"elementor-widget-container\">\n\t\t\t\t\t\t\t\t\t\t\t\t\t<img fetchpriority=\"high\" decoding=\"async\" width=\"683\" height=\"1024\" src=\"https:\/\/provimarcas.com\/wp-content\/uploads\/2025\/09\/CHAM4375-683x1024.jpg\" class=\"attachment-large size-large wp-image-12271\" alt=\"\" srcset=\"https:\/\/provimarcas.com\/wp-content\/uploads\/2025\/09\/CHAM4375-683x1024.jpg 683w, https:\/\/provimarcas.com\/wp-content\/uploads\/2025\/09\/CHAM4375-200x300.jpg 200w, https:\/\/provimarcas.com\/wp-content\/uploads\/2025\/09\/CHAM4375-768x1152.jpg 768w, https:\/\/provimarcas.com\/wp-content\/uploads\/2025\/09\/CHAM4375-1024x1536.jpg 1024w, https:\/\/provimarcas.com\/wp-content\/uploads\/2025\/09\/CHAM4375-1365x2048.jpg 1365w, https:\/\/provimarcas.com\/wp-content\/uploads\/2025\/09\/CHAM4375-8x12.jpg 8w, https:\/\/provimarcas.com\/wp-content\/uploads\/2025\/09\/CHAM4375-433x650.jpg 433w, https:\/\/provimarcas.com\/wp-content\/uploads\/2025\/09\/CHAM4375-scaled.jpg 1707w\" sizes=\"(max-width: 683px) 100vw, 683px\" \/>\t\t\t\t\t\t\t\t\t\t\t\t\t<\/div>\n\t\t\t\t<\/div>\n\t\t\t\t<div class=\"elementor-element elementor-element-6111cb25 elementor-widget__width-initial elementor-absolute elementor-widget-tablet__width-initial elementor-widget-mobile__width-initial elementor-widget elementor-widget-spacer\" data-id=\"6111cb25\" data-element_type=\"widget\" data-settings=\"{&quot;_position&quot;:&quot;absolute&quot;,&quot;_animation_delay&quot;:&quot;200&quot;}\" data-widget_type=\"spacer.default\">\n\t\t\t\t<div class=\"elementor-widget-container\">\n\t\t\t\t\t<div class=\"elementor-spacer\">\r\n\t\t\t<div class=\"elementor-spacer-inner\"><\/div>\r\n\t\t<\/div>\r\n\t\t\t\t<\/div>\n\t\t\t\t<\/div>\n\t\t\t\t<div class=\"elementor-element elementor-element-35cd15d2 elementor-widget__width-initial elementor-absolute elementor-widget-tablet__width-initial elementor-widget-mobile__width-initial ep-parallax-effects-yes elementor-widget elementor-widget-spacer\" data-id=\"35cd15d2\" data-element_type=\"widget\" data-settings=\"{&quot;_position&quot;:&quot;absolute&quot;,&quot;ep_parallax_effects_show&quot;:&quot;yes&quot;,&quot;ep_parallax_effects_y&quot;:&quot;yes&quot;,&quot;ep_parallax_effects_y_start&quot;:{&quot;unit&quot;:&quot;px&quot;,&quot;size&quot;:0,&quot;sizes&quot;:[]},&quot;ep_parallax_effects_y_end&quot;:{&quot;unit&quot;:&quot;px&quot;,&quot;size&quot;:-260,&quot;sizes&quot;:[]},&quot;ep_parallax_effects_media_query&quot;:&quot;@l&quot;,&quot;_animation_delay&quot;:&quot;200&quot;,&quot;ep_parallax_effects_rotate_start&quot;:{&quot;unit&quot;:&quot;px&quot;,&quot;size&quot;:&quot;&quot;,&quot;sizes&quot;:[]},&quot;ep_parallax_effects_rotate_end&quot;:{&quot;unit&quot;:&quot;px&quot;,&quot;size&quot;:&quot;&quot;,&quot;sizes&quot;:[]},&quot;ep_parallax_effects_scale_start&quot;:{&quot;unit&quot;:&quot;px&quot;,&quot;size&quot;:1,&quot;sizes&quot;:[]},&quot;ep_parallax_effects_scale_end&quot;:{&quot;unit&quot;:&quot;px&quot;,&quot;size&quot;:1,&quot;sizes&quot;:[]},&quot;ep_parallax_effects_hue_value&quot;:{&quot;unit&quot;:&quot;px&quot;,&quot;size&quot;:&quot;&quot;,&quot;sizes&quot;:[]},&quot;ep_parallax_effects_sepia_value&quot;:{&quot;unit&quot;:&quot;px&quot;,&quot;size&quot;:1,&quot;sizes&quot;:[]},&quot;ep_parallax_effects_easing_value&quot;:{&quot;unit&quot;:&quot;px&quot;,&quot;size&quot;:1,&quot;sizes&quot;:[]},&quot;ep_parallax_effects_target&quot;:&quot;self&quot;}\" data-widget_type=\"spacer.default\">\n\t\t\t\t<div class=\"elementor-widget-container\">\n\t\t\t\t\t<div class=\"elementor-spacer\">\r\n\t\t\t<div class=\"elementor-spacer-inner\"><\/div>\r\n\t\t<\/div>\r\n\t\t\t\t<\/div>\n\t\t\t\t<\/div>\n\t\t\t\t\t<\/div>\n\t\t<\/div>\n\t\t\t\t\t<\/div>\n\t\t<\/section>\n\t\t<div class=\"elementor-element elementor-element-a259514 e-flex e-con-boxed e-con e-parent\" data-id=\"a259514\" data-element_type=\"container\">\n\t\t\t\t\t<div class=\"e-con-inner\">\n\t\t<div class=\"elementor-element elementor-element-02d8224 e-flex e-con-boxed e-con e-child\" data-id=\"02d8224\" data-element_type=\"container\">\n\t\t\t\t\t<div class=\"e-con-inner\">\n\t\t\t\t<div class=\"elementor-element elementor-element-c2db135 elementor-widget elementor-widget-spacer\" data-id=\"c2db135\" data-element_type=\"widget\" data-widget_type=\"spacer.default\">\n\t\t\t\t<div class=\"elementor-widget-container\">\n\t\t\t\t\t<div class=\"elementor-spacer\">\r\n\t\t\t<div class=\"elementor-spacer-inner\"><\/div>\r\n\t\t<\/div>\r\n\t\t\t\t<\/div>\n\t\t\t\t<\/div>\n\t\t\t\t<div class=\"elementor-element elementor-element-257feb9 elementor-widget elementor-widget-heading\" data-id=\"257feb9\" data-element_type=\"widget\" data-widget_type=\"heading.default\">\n\t\t\t\t<div class=\"elementor-widget-container\">\n\t\t\t<h2 class=\"elementor-heading-title elementor-size-default\">What solution are you looking for?<\/h2>\t\t<\/div>\n\t\t\t\t<\/div>\n\t\t\t\t<div class=\"elementor-element elementor-element-d391bc4 elementor-align-center elementor-widget elementor-widget-bdt-advanced-button\" data-id=\"d391bc4\" data-element_type=\"widget\" data-widget_type=\"bdt-advanced-button.default\">\n\t\t\t\t<div class=\"elementor-widget-container\">\n\t\t\t\t\t<div class=\"bdt-ep-button-wrapper\">\n\t\t\t<a href=\"https:\/\/provimarcas.com\/en\/provicontacto\/\" class=\"bdt-ep-button bdt-ep-button-effect-a bdt-ep-button-size-md\">\n\t\t\t\t\t\t<div class=\"bdt-ep-button-content-wrapper bdt-flex bdt-flex-middle bdt-flex-center\" data-text=\"Hablar con un asesor \">\n\t\t\t\n\t\t\t<div class=\"bdt-ep-button-text\">\n\n\t\t\t\t<span class=\"avdbtn-text\">\n\t\t\t\t\tTalk to an advisor \t\t\t\t<\/span>\n\n\t\t\t\t\t\t\t<\/div>\n\n\t\t\t\n\t\t<\/div>\n\t\t\t\t\t<\/a>\n\t\t<\/div>\n\t\t\t\t<\/div>\n\t\t\t\t<\/div>\n\t\t\t\t<div class=\"elementor-element elementor-element-5c07b2d elementor-widget elementor-widget-spacer\" data-id=\"5c07b2d\" data-element_type=\"widget\" data-widget_type=\"spacer.default\">\n\t\t\t\t<div class=\"elementor-widget-container\">\n\t\t\t\t\t<div class=\"elementor-spacer\">\r\n\t\t\t<div class=\"elementor-spacer-inner\"><\/div>\r\n\t\t<\/div>\r\n\t\t\t\t<\/div>\n\t\t\t\t<\/div>\n\t\t\t\t\t<\/div>\n\t\t\t\t<\/div>\n\t\t\t\t\t<\/div>\n\t\t\t\t<\/div>\n\t\t\t\t<\/div>","protected":false},"excerpt":{"rendered":"<p>Servicios DISE\u00d1OS INDUSTRIALES Servicio DISE\u00d1OS INDUSTRIALES Un dise\u00f1o industrial es la forma bidimensional o tridimensional de presentar los productos, se trata de [&hellip;]<\/p>","protected":false},"author":3,"featured_media":0,"parent":0,"menu_order":0,"comment_status":"closed","ping_status":"closed","template":"","meta":{"footnotes":""},"yoast_head":"<!-- This site is optimized with the Yoast SEO plugin v23.2 - https:\/\/yoast.com\/wordpress\/plugins\/seo\/ -->\n<title>DISE\u00d1OS INDUSTRIALES - Provimarcas<\/title>\n<meta name=\"robots\" content=\"index, follow, max-snippet:-1, max-image-preview:large, max-video-preview:-1\" \/>\n<link rel=\"canonical\" href=\"https:\/\/provimarcas.com\/en\/disenos-industriales\/\" \/>\n<meta property=\"og:locale\" content=\"en_US\" \/>\n<meta property=\"og:type\" content=\"article\" \/>\n<meta property=\"og:title\" content=\"DISE\u00d1OS INDUSTRIALES - Provimarcas\" \/>\n<meta property=\"og:description\" content=\"Servicios DISE\u00d1OS INDUSTRIALES Servicio DISE\u00d1OS INDUSTRIALES Un dise\u00f1o industrial es la forma bidimensional o tridimensional de presentar los productos, se trata de [&hellip;]\" \/>\n<meta property=\"og:url\" content=\"https:\/\/provimarcas.com\/en\/disenos-industriales\/\" \/>\n<meta property=\"og:site_name\" content=\"Provimarcas\" \/>\n<meta property=\"article:publisher\" content=\"https:\/\/www.facebook.com\/provimarcas\" \/>\n<meta property=\"article:modified_time\" content=\"2025-09-25T21:43:45+00:00\" \/>\n<meta property=\"og:image\" content=\"https:\/\/provimarcas.com\/wp-content\/uploads\/2025\/09\/CHAM4375-683x1024.jpg\" \/>\n<meta name=\"twitter:card\" content=\"summary_large_image\" \/>\n<meta name=\"twitter:label1\" content=\"Est. reading time\" \/>\n\t<meta name=\"twitter:data1\" content=\"1 minute\" \/>\n<script type=\"application\/ld+json\" class=\"yoast-schema-graph\">{\"@context\":\"https:\/\/schema.org\",\"@graph\":[{\"@type\":\"WebPage\",\"@id\":\"https:\/\/provimarcas.com\/disenos-industriales\/\",\"url\":\"https:\/\/provimarcas.com\/disenos-industriales\/\",\"name\":\"DISE\u00d1OS INDUSTRIALES - Provimarcas\",\"isPartOf\":{\"@id\":\"https:\/\/provimarcas.com\/#website\"},\"primaryImageOfPage\":{\"@id\":\"https:\/\/provimarcas.com\/disenos-industriales\/#primaryimage\"},\"image\":{\"@id\":\"https:\/\/provimarcas.com\/disenos-industriales\/#primaryimage\"},\"thumbnailUrl\":\"https:\/\/provimarcas.com\/wp-content\/uploads\/2025\/09\/CHAM4375-683x1024.jpg\",\"datePublished\":\"2024-05-15T05:01:26+00:00\",\"dateModified\":\"2025-09-25T21:43:45+00:00\",\"breadcrumb\":{\"@id\":\"https:\/\/provimarcas.com\/disenos-industriales\/#breadcrumb\"},\"inLanguage\":\"en-US\",\"potentialAction\":[{\"@type\":\"ReadAction\",\"target\":[\"https:\/\/provimarcas.com\/disenos-industriales\/\"]}]},{\"@type\":\"ImageObject\",\"inLanguage\":\"en-US\",\"@id\":\"https:\/\/provimarcas.com\/disenos-industriales\/#primaryimage\",\"url\":\"https:\/\/provimarcas.com\/wp-content\/uploads\/2025\/09\/CHAM4375-683x1024.jpg\",\"contentUrl\":\"https:\/\/provimarcas.com\/wp-content\/uploads\/2025\/09\/CHAM4375-683x1024.jpg\"},{\"@type\":\"BreadcrumbList\",\"@id\":\"https:\/\/provimarcas.com\/disenos-industriales\/#breadcrumb\",\"itemListElement\":[{\"@type\":\"ListItem\",\"position\":1,\"name\":\"Home\",\"item\":\"https:\/\/provimarcas.com\/\"},{\"@type\":\"ListItem\",\"position\":2,\"name\":\"DISE\u00d1OS INDUSTRIALES\"}]},{\"@type\":\"WebSite\",\"@id\":\"https:\/\/provimarcas.com\/#website\",\"url\":\"https:\/\/provimarcas.com\/\",\"name\":\"Provimarcas\",\"description\":\"\",\"publisher\":{\"@id\":\"https:\/\/provimarcas.com\/#organization\"},\"potentialAction\":[{\"@type\":\"SearchAction\",\"target\":{\"@type\":\"EntryPoint\",\"urlTemplate\":\"https:\/\/provimarcas.com\/?s={search_term_string}\"},\"query-input\":\"required name=search_term_string\"}],\"inLanguage\":\"en-US\"},{\"@type\":\"Organization\",\"@id\":\"https:\/\/provimarcas.com\/#organization\",\"name\":\"Provimarcas\",\"url\":\"https:\/\/provimarcas.com\/\",\"logo\":{\"@type\":\"ImageObject\",\"inLanguage\":\"en-US\",\"@id\":\"https:\/\/provimarcas.com\/#\/schema\/logo\/image\/\",\"url\":\"https:\/\/provimarcas.com\/wp-content\/uploads\/2022\/09\/ingles_mobile-provimarcas.jpg\",\"contentUrl\":\"https:\/\/provimarcas.com\/wp-content\/uploads\/2022\/09\/ingles_mobile-provimarcas.jpg\",\"width\":480,\"height\":420,\"caption\":\"Provimarcas\"},\"image\":{\"@id\":\"https:\/\/provimarcas.com\/#\/schema\/logo\/image\/\"},\"sameAs\":[\"https:\/\/www.facebook.com\/provimarcas\"]}]}<\/script>\n<!-- \/ Yoast SEO plugin. -->","yoast_head_json":{"title":"DISE\u00d1OS INDUSTRIALES - Provimarcas","robots":{"index":"index","follow":"follow","max-snippet":"max-snippet:-1","max-image-preview":"max-image-preview:large","max-video-preview":"max-video-preview:-1"},"canonical":"https:\/\/provimarcas.com\/en\/disenos-industriales\/","og_locale":"en_US","og_type":"article","og_title":"DISE\u00d1OS INDUSTRIALES - Provimarcas","og_description":"Servicios DISE\u00d1OS INDUSTRIALES Servicio DISE\u00d1OS INDUSTRIALES Un dise\u00f1o industrial es la forma bidimensional o tridimensional de presentar los productos, se trata de [&hellip;]","og_url":"https:\/\/provimarcas.com\/en\/disenos-industriales\/","og_site_name":"Provimarcas","article_publisher":"https:\/\/www.facebook.com\/provimarcas","article_modified_time":"2025-09-25T21:43:45+00:00","og_image":[{"url":"https:\/\/provimarcas.com\/wp-content\/uploads\/2025\/09\/CHAM4375-683x1024.jpg"}],"twitter_card":"summary_large_image","twitter_misc":{"Est. reading time":"1 minute"},"schema":{"@context":"https:\/\/schema.org","@graph":[{"@type":"WebPage","@id":"https:\/\/provimarcas.com\/disenos-industriales\/","url":"https:\/\/provimarcas.com\/disenos-industriales\/","name":"DISE\u00d1OS INDUSTRIALES - Provimarcas","isPartOf":{"@id":"https:\/\/provimarcas.com\/#website"},"primaryImageOfPage":{"@id":"https:\/\/provimarcas.com\/disenos-industriales\/#primaryimage"},"image":{"@id":"https:\/\/provimarcas.com\/disenos-industriales\/#primaryimage"},"thumbnailUrl":"https:\/\/provimarcas.com\/wp-content\/uploads\/2025\/09\/CHAM4375-683x1024.jpg","datePublished":"2024-05-15T05:01:26+00:00","dateModified":"2025-09-25T21:43:45+00:00","breadcrumb":{"@id":"https:\/\/provimarcas.com\/disenos-industriales\/#breadcrumb"},"inLanguage":"en-US","potentialAction":[{"@type":"ReadAction","target":["https:\/\/provimarcas.com\/disenos-industriales\/"]}]},{"@type":"ImageObject","inLanguage":"en-US","@id":"https:\/\/provimarcas.com\/disenos-industriales\/#primaryimage","url":"https:\/\/provimarcas.com\/wp-content\/uploads\/2025\/09\/CHAM4375-683x1024.jpg","contentUrl":"https:\/\/provimarcas.com\/wp-content\/uploads\/2025\/09\/CHAM4375-683x1024.jpg"},{"@type":"BreadcrumbList","@id":"https:\/\/provimarcas.com\/disenos-industriales\/#breadcrumb","itemListElement":[{"@type":"ListItem","position":1,"name":"Home","item":"https:\/\/provimarcas.com\/"},{"@type":"ListItem","position":2,"name":"DISE\u00d1OS INDUSTRIALES"}]},{"@type":"WebSite","@id":"https:\/\/provimarcas.com\/#website","url":"https:\/\/provimarcas.com\/","name":"Provimarcas","description":"","publisher":{"@id":"https:\/\/provimarcas.com\/#organization"},"potentialAction":[{"@type":"SearchAction","target":{"@type":"EntryPoint","urlTemplate":"https:\/\/provimarcas.com\/?s={search_term_string}"},"query-input":"required name=search_term_string"}],"inLanguage":"en-US"},{"@type":"Organization","@id":"https:\/\/provimarcas.com\/#organization","name":"Provimarcas","url":"https:\/\/provimarcas.com\/","logo":{"@type":"ImageObject","inLanguage":"en-US","@id":"https:\/\/provimarcas.com\/#\/schema\/logo\/image\/","url":"https:\/\/provimarcas.com\/wp-content\/uploads\/2022\/09\/ingles_mobile-provimarcas.jpg","contentUrl":"https:\/\/provimarcas.com\/wp-content\/uploads\/2022\/09\/ingles_mobile-provimarcas.jpg","width":480,"height":420,"caption":"Provimarcas"},"image":{"@id":"https:\/\/provimarcas.com\/#\/schema\/logo\/image\/"},"sameAs":["https:\/\/www.facebook.com\/provimarcas"]}]}},"_links":{"self":[{"href":"https:\/\/provimarcas.com\/en\/wp-json\/wp\/v2\/pages\/5823"}],"collection":[{"href":"https:\/\/provimarcas.com\/en\/wp-json\/wp\/v2\/pages"}],"about":[{"href":"https:\/\/provimarcas.com\/en\/wp-json\/wp\/v2\/types\/page"}],"author":[{"embeddable":true,"href":"https:\/\/provimarcas.com\/en\/wp-json\/wp\/v2\/users\/3"}],"replies":[{"embeddable":true,"href":"https:\/\/provimarcas.com\/en\/wp-json\/wp\/v2\/comments?post=5823"}],"version-history":[{"count":30,"href":"https:\/\/provimarcas.com\/en\/wp-json\/wp\/v2\/pages\/5823\/revisions"}],"predecessor-version":[{"id":12949,"href":"https:\/\/provimarcas.com\/en\/wp-json\/wp\/v2\/pages\/5823\/revisions\/12949"}],"wp:attachment":[{"href":"https:\/\/provimarcas.com\/en\/wp-json\/wp\/v2\/media?parent=5823"}],"curies":[{"name":"wp","href":"https:\/\/api.w.org\/{rel}","templated":true}]}}