{"id":9218,"date":"2024-08-14T12:15:38","date_gmt":"2024-08-14T17:15:38","guid":{"rendered":"https:\/\/provimarcas.com\/?page_id=9218"},"modified":"2025-09-25T16:34:54","modified_gmt":"2025-09-25T21:34:54","slug":"proteccion-de-datos","status":"publish","type":"page","link":"https:\/\/provimarcas.com\/en\/proteccion-de-datos\/","title":{"rendered":"DATA PROTECTION"},"content":{"rendered":"<div data-elementor-type=\"wp-page\" data-elementor-id=\"9218\" class=\"elementor elementor-9218\" data-elementor-settings=\"{&quot;element_pack_global_tooltip_width&quot;:{&quot;unit&quot;:&quot;px&quot;,&quot;size&quot;:&quot;&quot;,&quot;sizes&quot;:[]},&quot;element_pack_global_tooltip_width_tablet&quot;:{&quot;unit&quot;:&quot;px&quot;,&quot;size&quot;:&quot;&quot;,&quot;sizes&quot;:[]},&quot;element_pack_global_tooltip_width_mobile&quot;:{&quot;unit&quot;:&quot;px&quot;,&quot;size&quot;:&quot;&quot;,&quot;sizes&quot;:[]},&quot;element_pack_global_tooltip_padding&quot;:{&quot;unit&quot;:&quot;px&quot;,&quot;top&quot;:&quot;&quot;,&quot;right&quot;:&quot;&quot;,&quot;bottom&quot;:&quot;&quot;,&quot;left&quot;:&quot;&quot;,&quot;isLinked&quot;:true},&quot;element_pack_global_tooltip_padding_tablet&quot;:{&quot;unit&quot;:&quot;px&quot;,&quot;top&quot;:&quot;&quot;,&quot;right&quot;:&quot;&quot;,&quot;bottom&quot;:&quot;&quot;,&quot;left&quot;:&quot;&quot;,&quot;isLinked&quot;:true},&quot;element_pack_global_tooltip_padding_mobile&quot;:{&quot;unit&quot;:&quot;px&quot;,&quot;top&quot;:&quot;&quot;,&quot;right&quot;:&quot;&quot;,&quot;bottom&quot;:&quot;&quot;,&quot;left&quot;:&quot;&quot;,&quot;isLinked&quot;:true},&quot;element_pack_global_tooltip_border_radius&quot;:{&quot;unit&quot;:&quot;px&quot;,&quot;top&quot;:&quot;&quot;,&quot;right&quot;:&quot;&quot;,&quot;bottom&quot;:&quot;&quot;,&quot;left&quot;:&quot;&quot;,&quot;isLinked&quot;:true},&quot;element_pack_global_tooltip_border_radius_tablet&quot;:{&quot;unit&quot;:&quot;px&quot;,&quot;top&quot;:&quot;&quot;,&quot;right&quot;:&quot;&quot;,&quot;bottom&quot;:&quot;&quot;,&quot;left&quot;:&quot;&quot;,&quot;isLinked&quot;:true},&quot;element_pack_global_tooltip_border_radius_mobile&quot;:{&quot;unit&quot;:&quot;px&quot;,&quot;top&quot;:&quot;&quot;,&quot;right&quot;:&quot;&quot;,&quot;bottom&quot;:&quot;&quot;,&quot;left&quot;:&quot;&quot;,&quot;isLinked&quot;:true}}\">\n\t\t\t\t\t\t<div class=\"elementor-section elementor-top-section elementor-element elementor-element-1c5b687 elementor-section-full_width elementor-section-height-default elementor-section-height-default\" data-id=\"1c5b687\" data-element_type=\"section\">\n\t\t\t\t\t\t<div class=\"elementor-container elementor-column-gap-no\">\n\t\t\t\t\t<div class=\"elementor-column elementor-col-100 elementor-top-column elementor-element elementor-element-d39cf68\" data-id=\"d39cf68\" data-element_type=\"column\">\n\t\t\t<div class=\"elementor-widget-wrap elementor-element-populated\">\n\t\t\t\t\t\t<div class=\"elementor-element elementor-element-06d2629 elementor-widget__width-initial elementor-widget-tablet__width-initial elementor-widget-mobile__width-initial elementor-absolute elementor-invisible elementor-widget elementor-widget-spacer\" data-id=\"06d2629\" data-element_type=\"widget\" data-settings=\"{&quot;_position&quot;:&quot;absolute&quot;,&quot;_animation&quot;:&quot;fadeInRight&quot;,&quot;_animation_delay&quot;:&quot;400&quot;}\" data-widget_type=\"spacer.default\">\n\t\t\t\t<div class=\"elementor-widget-container\">\n\t\t\t\t\t<div class=\"elementor-spacer\">\r\n\t\t\t<div class=\"elementor-spacer-inner\"><\/div>\r\n\t\t<\/div>\r\n\t\t\t\t<\/div>\n\t\t\t\t<\/div>\n\t\t\t\t<div class=\"elementor-element elementor-element-92595b1 elementor-widget__width-initial elementor-widget-tablet__width-initial elementor-widget-mobile__width-initial elementor-absolute elementor-invisible elementor-widget elementor-widget-spacer\" data-id=\"92595b1\" data-element_type=\"widget\" data-settings=\"{&quot;_position&quot;:&quot;absolute&quot;,&quot;_animation&quot;:&quot;fadeInLeft&quot;,&quot;_animation_delay&quot;:&quot;400&quot;}\" data-widget_type=\"spacer.default\">\n\t\t\t\t<div class=\"elementor-widget-container\">\n\t\t\t\t\t<div class=\"elementor-spacer\">\r\n\t\t\t<div class=\"elementor-spacer-inner\"><\/div>\r\n\t\t<\/div>\r\n\t\t\t\t<\/div>\n\t\t\t\t<\/div>\n\t\t\t\t<div class=\"elementor-element elementor-element-35329cb elementor-widget__width-initial elementor-widget-tablet__width-initial elementor-absolute elementor-widget-mobile__width-initial elementor-invisible elementor-widget elementor-widget-spacer\" data-id=\"35329cb\" data-element_type=\"widget\" data-settings=\"{&quot;_position&quot;:&quot;absolute&quot;,&quot;_animation&quot;:&quot;fadeInRight&quot;,&quot;_animation_delay&quot;:&quot;400&quot;}\" data-widget_type=\"spacer.default\">\n\t\t\t\t<div class=\"elementor-widget-container\">\n\t\t\t\t\t<div class=\"elementor-spacer\">\r\n\t\t\t<div class=\"elementor-spacer-inner\"><\/div>\r\n\t\t<\/div>\r\n\t\t\t\t<\/div>\n\t\t\t\t<\/div>\n\t\t\t\t<div class=\"elementor-element elementor-element-3fc1632 elementor-widget__width-initial elementor-widget-tablet__width-initial elementor-widget-mobile__width-initial elementor-absolute ep-parallax-effects-yes elementor-invisible elementor-widget elementor-widget-spacer\" data-id=\"3fc1632\" data-element_type=\"widget\" data-settings=\"{&quot;_position&quot;:&quot;absolute&quot;,&quot;ep_parallax_effects_show&quot;:&quot;yes&quot;,&quot;ep_parallax_effects_x&quot;:&quot;yes&quot;,&quot;ep_parallax_effects_x_start&quot;:{&quot;unit&quot;:&quot;px&quot;,&quot;size&quot;:0,&quot;sizes&quot;:[]},&quot;ep_parallax_effects_x_end&quot;:{&quot;unit&quot;:&quot;px&quot;,&quot;size&quot;:120,&quot;sizes&quot;:[]},&quot;ep_parallax_effects_media_query&quot;:&quot;@l&quot;,&quot;_animation&quot;:&quot;fadeInRight&quot;,&quot;_animation_delay&quot;:&quot;400&quot;,&quot;ep_parallax_effects_rotate_start&quot;:{&quot;unit&quot;:&quot;px&quot;,&quot;size&quot;:&quot;&quot;,&quot;sizes&quot;:[]},&quot;ep_parallax_effects_rotate_end&quot;:{&quot;unit&quot;:&quot;px&quot;,&quot;size&quot;:&quot;&quot;,&quot;sizes&quot;:[]},&quot;ep_parallax_effects_scale_start&quot;:{&quot;unit&quot;:&quot;px&quot;,&quot;size&quot;:1,&quot;sizes&quot;:[]},&quot;ep_parallax_effects_scale_end&quot;:{&quot;unit&quot;:&quot;px&quot;,&quot;size&quot;:1,&quot;sizes&quot;:[]},&quot;ep_parallax_effects_hue_value&quot;:{&quot;unit&quot;:&quot;px&quot;,&quot;size&quot;:&quot;&quot;,&quot;sizes&quot;:[]},&quot;ep_parallax_effects_sepia_value&quot;:{&quot;unit&quot;:&quot;px&quot;,&quot;size&quot;:1,&quot;sizes&quot;:[]},&quot;ep_parallax_effects_easing_value&quot;:{&quot;unit&quot;:&quot;px&quot;,&quot;size&quot;:1,&quot;sizes&quot;:[]},&quot;ep_parallax_effects_target&quot;:&quot;self&quot;}\" data-widget_type=\"spacer.default\">\n\t\t\t\t<div class=\"elementor-widget-container\">\n\t\t\t\t\t<div class=\"elementor-spacer\">\r\n\t\t\t<div class=\"elementor-spacer-inner\"><\/div>\r\n\t\t<\/div>\r\n\t\t\t\t<\/div>\n\t\t\t\t<\/div>\n\t\t\t\t<div class=\"elementor-element elementor-element-2cfa03a elementor-align-center elementor-icon-list--layout-traditional elementor-list-item-link-full_width elementor-invisible elementor-widget elementor-widget-icon-list\" data-id=\"2cfa03a\" data-element_type=\"widget\" data-settings=\"{&quot;_animation&quot;:&quot;fadeInDown&quot;,&quot;_animation_delay&quot;:&quot;200&quot;}\" data-widget_type=\"icon-list.default\">\n\t\t\t\t<div class=\"elementor-widget-container\">\n\t\t\t\t\t<ul class=\"elementor-icon-list-items\">\n\t\t\t\t\t\t\t<li class=\"elementor-icon-list-item\">\n\t\t\t\t\t\t\t\t\t\t\t<a href=\"https:\/\/provimarcas.com\/en\/derecho-corporativo\/\">\n\n\t\t\t\t\t\t\t\t\t\t\t\t<span class=\"elementor-icon-list-icon\">\n\t\t\t\t\t\t\t<i aria-hidden=\"true\" class=\"ti ti-arrow-left\"><\/i>\t\t\t\t\t\t<\/span>\n\t\t\t\t\t\t\t\t\t\t<span class=\"elementor-icon-list-text\">Services<\/span>\n\t\t\t\t\t\t\t\t\t\t\t<\/a>\n\t\t\t\t\t\t\t\t\t<\/li>\n\t\t\t\t\t\t<\/ul>\n\t\t\t\t<\/div>\n\t\t\t\t<\/div>\n\t\t\t\t<div class=\"elementor-element elementor-element-ac1677e elementor-widget-tablet__width-initial elementor-widget-mobile__width-initial elementor-widget__width-initial elementor-invisible elementor-widget elementor-widget-heading\" data-id=\"ac1677e\" data-element_type=\"widget\" data-settings=\"{&quot;_animation&quot;:&quot;fadeInDown&quot;,&quot;_animation_delay&quot;:&quot;200&quot;}\" data-widget_type=\"heading.default\">\n\t\t\t\t<div class=\"elementor-widget-container\">\n\t\t\t<h1 class=\"elementor-heading-title elementor-size-default\"><a href=\"https:\/\/provimarcas.com\/en\/proteccion-de-datos\/\">DATA PROTECTION<\/a><\/h1>\t\t<\/div>\n\t\t\t\t<\/div>\n\t\t\t\t\t<\/div>\n\t\t<\/div>\n\t\t\t\t\t<\/div>\n\t\t<\/div>\n\t\t\t\t<section class=\"elementor-section elementor-top-section elementor-element elementor-element-dfa3ecc elementor-section-boxed elementor-section-height-default elementor-section-height-default\" data-id=\"dfa3ecc\" data-element_type=\"section\">\n\t\t\t\t\t\t<div class=\"elementor-container elementor-column-gap-default\">\n\t\t\t\t\t<div class=\"elementor-column elementor-col-50 elementor-top-column elementor-element elementor-element-8c76fc3\" data-id=\"8c76fc3\" data-element_type=\"column\">\n\t\t\t<div class=\"elementor-widget-wrap elementor-element-populated\">\n\t\t\t\t\t\t<div class=\"elementor-element elementor-element-9892917 bdt-icon-type-icon elementor-position-top bdt-icon-effect-none elementor-widget elementor-widget-bdt-advanced-icon-box\" data-id=\"9892917\" data-element_type=\"widget\" data-settings=\"{&quot;_animation_delay&quot;:&quot;200&quot;}\" data-widget_type=\"bdt-advanced-icon-box.default\">\n\t\t\t\t<div class=\"elementor-widget-container\">\n\t\t\t\t\t<div class=\"bdt-ep-advanced-icon-box\">\n\n\t\t\t\t\t\t\t\n\t\t\t\t\t<div class=\"bdt-ep-advanced-icon-box-icon\">\n\t\t\t\t<span class=\"bdt-ep-advanced-icon-box-icon-wrap\">\n\n\n\t\t\t\t\t\n\t\t\t\t\t\t<svg aria-hidden=\"true\" class=\"e-font-icon-svg e-fas-star\" viewbox=\"0 0 576 512\" xmlns=\"http:\/\/www.w3.org\/2000\/svg\"><path d=\"M259.3 17.8L194 150.2 47.9 171.5c-26.2 3.8-36.7 36.1-17.7 54.6l105.7 103-25 145.5c-4.5 26.3 23.2 46 46.4 33.7L288 439.6l130.7 68.7c23.2 12.2 50.9-7.4 46.4-33.7l-25-145.5 105.7-103c19-18.5 8.5-50.8-17.7-54.6L382 150.2 316.7 17.8c-11.7-23.6-45.6-23.9-57.4 0z\"><\/path><\/svg>\n\n\t\t\t\t\t\t\t\t\t<\/span>\n\t\t\t<\/div>\n\t\t\n\t\t\t\t\n\t\t\t<div class=\"bdt-ep-advanced-icon-box-content\">\n\n\t\t\t\t\t\t\t\t\t\n\t\t\t\t\t<h6 class=\"bdt-ep-advanced-icon-box-title\">\n\t\t\t\t<span >\n\t\t\t\t\tService\t\t\t\t<\/span>\n\t\t\t<\/h6>\n\t\t\n\n\t\t\n\t\t\t\t\t\n\t\t\t\t\n\t\t\t\t\n\t\t\t\t\t\t\t<\/div>\n\t\t<\/div>\n\n\t\t\n\t\t\n\t\t<\/div>\n\t\t\t\t<\/div>\n\t\t\t\t<div class=\"elementor-element elementor-element-45d7271 elementor-widget__width-initial elementor-widget elementor-widget-heading\" data-id=\"45d7271\" data-element_type=\"widget\" data-settings=\"{&quot;_animation_delay&quot;:&quot;200&quot;}\" data-widget_type=\"heading.default\">\n\t\t\t\t<div class=\"elementor-widget-container\">\n\t\t\t<h3 class=\"elementor-heading-title elementor-size-default\">DATA PROTECTION<\/h3>\t\t<\/div>\n\t\t\t\t<\/div>\n\t\t\t\t<div class=\"elementor-element elementor-element-689fe73 elementor-widget elementor-widget-text-editor\" data-id=\"689fe73\" data-element_type=\"widget\" data-settings=\"{&quot;_animation_delay&quot;:&quot;200&quot;}\" data-widget_type=\"text-editor.default\">\n\t\t\t\t<div class=\"elementor-widget-container\">\n\t\t\t\t\t\t\t<p>\u00a0<\/p><p>We develop the policies necessary to meet legal requirements for personal data protection. We ensure that your company complies with all legal regulations, safeguarding the security and confidentiality of your customers' information.<\/p><p>\u00a0<\/p>\t\t\t\t\t\t<\/div>\n\t\t\t\t<\/div>\n\t\t\t\t\t<\/div>\n\t\t<\/div>\n\t\t\t\t<div class=\"elementor-column elementor-col-50 elementor-top-column elementor-element elementor-element-99879dd elementor-invisible\" data-id=\"99879dd\" data-element_type=\"column\" data-settings=\"{&quot;animation&quot;:&quot;fadeInDown&quot;,&quot;animation_delay&quot;:200}\">\n\t\t\t<div class=\"elementor-widget-wrap elementor-element-populated\">\n\t\t\t\t\t\t<div class=\"elementor-element elementor-element-8c7b823 elementor-widget__width-initial elementor-widget elementor-widget-image\" data-id=\"8c7b823\" data-element_type=\"widget\" data-widget_type=\"image.default\">\n\t\t\t\t<div class=\"elementor-widget-container\">\n\t\t\t\t\t\t\t\t\t\t\t\t\t<img decoding=\"async\" src=\"https:\/\/provimarcas.com\/wp-content\/uploads\/elementor\/thumbs\/CHAM3409-scaled-rbwoi1c2fzyjn93yhhu8qf08gcfmn1q3v8d8ptcc1s.jpg\" title=\"CHAM3409\" alt=\"CHAM3409\" loading=\"lazy\" \/>\t\t\t\t\t\t\t\t\t\t\t\t\t<\/div>\n\t\t\t\t<\/div>\n\t\t\t\t<div class=\"elementor-element elementor-element-e5b5527 elementor-widget__width-initial elementor-absolute elementor-widget-tablet__width-initial elementor-widget-mobile__width-initial elementor-widget elementor-widget-spacer\" data-id=\"e5b5527\" data-element_type=\"widget\" data-settings=\"{&quot;_position&quot;:&quot;absolute&quot;,&quot;_animation_delay&quot;:&quot;200&quot;}\" data-widget_type=\"spacer.default\">\n\t\t\t\t<div class=\"elementor-widget-container\">\n\t\t\t\t\t<div class=\"elementor-spacer\">\r\n\t\t\t<div class=\"elementor-spacer-inner\"><\/div>\r\n\t\t<\/div>\r\n\t\t\t\t<\/div>\n\t\t\t\t<\/div>\n\t\t\t\t<div class=\"elementor-element elementor-element-c45971f elementor-widget__width-initial elementor-absolute elementor-widget-tablet__width-initial elementor-widget-mobile__width-initial ep-parallax-effects-yes elementor-widget elementor-widget-spacer\" data-id=\"c45971f\" data-element_type=\"widget\" data-settings=\"{&quot;_position&quot;:&quot;absolute&quot;,&quot;ep_parallax_effects_show&quot;:&quot;yes&quot;,&quot;ep_parallax_effects_y&quot;:&quot;yes&quot;,&quot;ep_parallax_effects_y_start&quot;:{&quot;unit&quot;:&quot;px&quot;,&quot;size&quot;:0,&quot;sizes&quot;:[]},&quot;ep_parallax_effects_y_end&quot;:{&quot;unit&quot;:&quot;px&quot;,&quot;size&quot;:-260,&quot;sizes&quot;:[]},&quot;ep_parallax_effects_media_query&quot;:&quot;@l&quot;,&quot;_animation_delay&quot;:&quot;200&quot;,&quot;ep_parallax_effects_rotate_start&quot;:{&quot;unit&quot;:&quot;px&quot;,&quot;size&quot;:&quot;&quot;,&quot;sizes&quot;:[]},&quot;ep_parallax_effects_rotate_end&quot;:{&quot;unit&quot;:&quot;px&quot;,&quot;size&quot;:&quot;&quot;,&quot;sizes&quot;:[]},&quot;ep_parallax_effects_scale_start&quot;:{&quot;unit&quot;:&quot;px&quot;,&quot;size&quot;:1,&quot;sizes&quot;:[]},&quot;ep_parallax_effects_scale_end&quot;:{&quot;unit&quot;:&quot;px&quot;,&quot;size&quot;:1,&quot;sizes&quot;:[]},&quot;ep_parallax_effects_hue_value&quot;:{&quot;unit&quot;:&quot;px&quot;,&quot;size&quot;:&quot;&quot;,&quot;sizes&quot;:[]},&quot;ep_parallax_effects_sepia_value&quot;:{&quot;unit&quot;:&quot;px&quot;,&quot;size&quot;:1,&quot;sizes&quot;:[]},&quot;ep_parallax_effects_easing_value&quot;:{&quot;unit&quot;:&quot;px&quot;,&quot;size&quot;:1,&quot;sizes&quot;:[]},&quot;ep_parallax_effects_target&quot;:&quot;self&quot;}\" data-widget_type=\"spacer.default\">\n\t\t\t\t<div class=\"elementor-widget-container\">\n\t\t\t\t\t<div class=\"elementor-spacer\">\r\n\t\t\t<div class=\"elementor-spacer-inner\"><\/div>\r\n\t\t<\/div>\r\n\t\t\t\t<\/div>\n\t\t\t\t<\/div>\n\t\t\t\t\t<\/div>\n\t\t<\/div>\n\t\t\t\t\t<\/div>\n\t\t<\/section>\n\t\t<div class=\"elementor-element elementor-element-4d31a11 e-flex e-con-boxed e-con e-parent\" data-id=\"4d31a11\" data-element_type=\"container\">\n\t\t\t\t\t<div class=\"e-con-inner\">\n\t\t\t\t<div class=\"elementor-element elementor-element-393472d elementor-widget elementor-widget-spacer\" data-id=\"393472d\" data-element_type=\"widget\" data-widget_type=\"spacer.default\">\n\t\t\t\t<div class=\"elementor-widget-container\">\n\t\t\t\t\t<div class=\"elementor-spacer\">\r\n\t\t\t<div class=\"elementor-spacer-inner\"><\/div>\r\n\t\t<\/div>\r\n\t\t\t\t<\/div>\n\t\t\t\t<\/div>\n\t\t\t\t<div class=\"elementor-element elementor-element-a31cd6f elementor-widget-tablet__width-initial elementor-widget-mobile__width-initial elementor-widget__width-initial elementor-invisible elementor-widget elementor-widget-heading\" data-id=\"a31cd6f\" data-element_type=\"widget\" data-settings=\"{&quot;_animation&quot;:&quot;fadeInDown&quot;,&quot;_animation_delay&quot;:&quot;200&quot;}\" data-widget_type=\"heading.default\">\n\t\t\t\t<div class=\"elementor-widget-container\">\n\t\t\t<h1 class=\"elementor-heading-title elementor-size-default\">What solution are you looking for?<\/h1>\t\t<\/div>\n\t\t\t\t<\/div>\n\t\t\t\t<div class=\"elementor-element elementor-element-920593d elementor-widget elementor-widget-button\" data-id=\"920593d\" data-element_type=\"widget\" data-widget_type=\"button.default\">\n\t\t\t\t<div class=\"elementor-widget-container\">\n\t\t\t\t\t<div class=\"elementor-button-wrapper\">\n\t\t\t<a class=\"elementor-button elementor-button-link elementor-size-sm\" href=\"https:\/\/provimarcas.com\/en\/provicontacto\/\">\n\t\t\t\t\t\t<span class=\"elementor-button-content-wrapper\">\n\t\t\t\t\t\t\t\t\t<span class=\"elementor-button-text\">Talk to an advisor <\/span>\n\t\t\t\t\t<\/span>\n\t\t\t\t\t<\/a>\n\t\t<\/div>\n\t\t\t\t<\/div>\n\t\t\t\t<\/div>\n\t\t\t\t<div class=\"elementor-element elementor-element-70dd3ad elementor-widget elementor-widget-spacer\" data-id=\"70dd3ad\" data-element_type=\"widget\" data-widget_type=\"spacer.default\">\n\t\t\t\t<div class=\"elementor-widget-container\">\n\t\t\t\t\t<div class=\"elementor-spacer\">\r\n\t\t\t<div class=\"elementor-spacer-inner\"><\/div>\r\n\t\t<\/div>\r\n\t\t\t\t<\/div>\n\t\t\t\t<\/div>\n\t\t\t\t\t<\/div>\n\t\t\t\t<\/div>\n\t\t\t\t<\/div>","protected":false},"excerpt":{"rendered":"<p>Services PROTECCI\u00d3N DE DATOS Servicio PROTECCI\u00d3N DE DATOS \u00a0 Elaboramos la pol\u00edtica necesaria para cumplir con los requisitos exigidos por la ley [&hellip;]<\/p>","protected":false},"author":3,"featured_media":0,"parent":0,"menu_order":0,"comment_status":"closed","ping_status":"closed","template":"","meta":{"footnotes":""},"yoast_head":"<!-- This site is optimized with the Yoast SEO plugin v23.2 - https:\/\/yoast.com\/wordpress\/plugins\/seo\/ -->\n<title>PROTECCI\u00d3N DE DATOS - Provimarcas<\/title>\n<meta name=\"robots\" content=\"index, follow, max-snippet:-1, max-image-preview:large, max-video-preview:-1\" \/>\n<link rel=\"canonical\" href=\"https:\/\/provimarcas.com\/en\/proteccion-de-datos\/\" \/>\n<meta property=\"og:locale\" content=\"en_US\" \/>\n<meta property=\"og:type\" content=\"article\" \/>\n<meta property=\"og:title\" content=\"PROTECCI\u00d3N DE DATOS - Provimarcas\" \/>\n<meta property=\"og:description\" content=\"Services PROTECCI\u00d3N DE DATOS Servicio PROTECCI\u00d3N DE DATOS \u00a0 Elaboramos la pol\u00edtica necesaria para cumplir con los requisitos exigidos por la ley [&hellip;]\" \/>\n<meta property=\"og:url\" content=\"https:\/\/provimarcas.com\/en\/proteccion-de-datos\/\" \/>\n<meta property=\"og:site_name\" content=\"Provimarcas\" \/>\n<meta property=\"article:publisher\" content=\"https:\/\/www.facebook.com\/provimarcas\" \/>\n<meta property=\"article:modified_time\" content=\"2025-09-25T21:34:54+00:00\" \/>\n<meta property=\"og:image\" content=\"https:\/\/provimarcas.com\/wp-content\/uploads\/elementor\/thumbs\/CHAM3409-scaled-rbwoi1c2fzyjn93yhhu8qf08gcfmn1q3v8d8ptcc1s.jpg\" \/>\n<meta name=\"twitter:card\" content=\"summary_large_image\" \/>\n<meta name=\"twitter:label1\" content=\"Est. reading time\" \/>\n\t<meta name=\"twitter:data1\" content=\"1 minute\" \/>\n<script type=\"application\/ld+json\" class=\"yoast-schema-graph\">{\"@context\":\"https:\/\/schema.org\",\"@graph\":[{\"@type\":\"WebPage\",\"@id\":\"https:\/\/provimarcas.com\/proteccion-de-datos\/\",\"url\":\"https:\/\/provimarcas.com\/proteccion-de-datos\/\",\"name\":\"PROTECCI\u00d3N DE DATOS - Provimarcas\",\"isPartOf\":{\"@id\":\"https:\/\/provimarcas.com\/#website\"},\"primaryImageOfPage\":{\"@id\":\"https:\/\/provimarcas.com\/proteccion-de-datos\/#primaryimage\"},\"image\":{\"@id\":\"https:\/\/provimarcas.com\/proteccion-de-datos\/#primaryimage\"},\"thumbnailUrl\":\"https:\/\/provimarcas.com\/wp-content\/uploads\/elementor\/thumbs\/CHAM3409-scaled-rbwoi1c2fzyjn93yhhu8qf08gcfmn1q3v8d8ptcc1s.jpg\",\"datePublished\":\"2024-08-14T17:15:38+00:00\",\"dateModified\":\"2025-09-25T21:34:54+00:00\",\"breadcrumb\":{\"@id\":\"https:\/\/provimarcas.com\/proteccion-de-datos\/#breadcrumb\"},\"inLanguage\":\"en-US\",\"potentialAction\":[{\"@type\":\"ReadAction\",\"target\":[\"https:\/\/provimarcas.com\/proteccion-de-datos\/\"]}]},{\"@type\":\"ImageObject\",\"inLanguage\":\"en-US\",\"@id\":\"https:\/\/provimarcas.com\/proteccion-de-datos\/#primaryimage\",\"url\":\"https:\/\/provimarcas.com\/wp-content\/uploads\/elementor\/thumbs\/CHAM3409-scaled-rbwoi1c2fzyjn93yhhu8qf08gcfmn1q3v8d8ptcc1s.jpg\",\"contentUrl\":\"https:\/\/provimarcas.com\/wp-content\/uploads\/elementor\/thumbs\/CHAM3409-scaled-rbwoi1c2fzyjn93yhhu8qf08gcfmn1q3v8d8ptcc1s.jpg\"},{\"@type\":\"BreadcrumbList\",\"@id\":\"https:\/\/provimarcas.com\/proteccion-de-datos\/#breadcrumb\",\"itemListElement\":[{\"@type\":\"ListItem\",\"position\":1,\"name\":\"Home\",\"item\":\"https:\/\/provimarcas.com\/\"},{\"@type\":\"ListItem\",\"position\":2,\"name\":\"PROTECCI\u00d3N DE DATOS\"}]},{\"@type\":\"WebSite\",\"@id\":\"https:\/\/provimarcas.com\/#website\",\"url\":\"https:\/\/provimarcas.com\/\",\"name\":\"Provimarcas\",\"description\":\"\",\"publisher\":{\"@id\":\"https:\/\/provimarcas.com\/#organization\"},\"potentialAction\":[{\"@type\":\"SearchAction\",\"target\":{\"@type\":\"EntryPoint\",\"urlTemplate\":\"https:\/\/provimarcas.com\/?s={search_term_string}\"},\"query-input\":\"required name=search_term_string\"}],\"inLanguage\":\"en-US\"},{\"@type\":\"Organization\",\"@id\":\"https:\/\/provimarcas.com\/#organization\",\"name\":\"Provimarcas\",\"url\":\"https:\/\/provimarcas.com\/\",\"logo\":{\"@type\":\"ImageObject\",\"inLanguage\":\"en-US\",\"@id\":\"https:\/\/provimarcas.com\/#\/schema\/logo\/image\/\",\"url\":\"https:\/\/provimarcas.com\/wp-content\/uploads\/2022\/09\/ingles_mobile-provimarcas.jpg\",\"contentUrl\":\"https:\/\/provimarcas.com\/wp-content\/uploads\/2022\/09\/ingles_mobile-provimarcas.jpg\",\"width\":480,\"height\":420,\"caption\":\"Provimarcas\"},\"image\":{\"@id\":\"https:\/\/provimarcas.com\/#\/schema\/logo\/image\/\"},\"sameAs\":[\"https:\/\/www.facebook.com\/provimarcas\"]}]}<\/script>\n<!-- \/ Yoast SEO plugin. -->","yoast_head_json":{"title":"PROTECCI\u00d3N DE DATOS - Provimarcas","robots":{"index":"index","follow":"follow","max-snippet":"max-snippet:-1","max-image-preview":"max-image-preview:large","max-video-preview":"max-video-preview:-1"},"canonical":"https:\/\/provimarcas.com\/en\/proteccion-de-datos\/","og_locale":"en_US","og_type":"article","og_title":"PROTECCI\u00d3N DE DATOS - Provimarcas","og_description":"Services PROTECCI\u00d3N DE DATOS Servicio PROTECCI\u00d3N DE DATOS \u00a0 Elaboramos la pol\u00edtica necesaria para cumplir con los requisitos exigidos por la ley [&hellip;]","og_url":"https:\/\/provimarcas.com\/en\/proteccion-de-datos\/","og_site_name":"Provimarcas","article_publisher":"https:\/\/www.facebook.com\/provimarcas","article_modified_time":"2025-09-25T21:34:54+00:00","og_image":[{"url":"https:\/\/provimarcas.com\/wp-content\/uploads\/elementor\/thumbs\/CHAM3409-scaled-rbwoi1c2fzyjn93yhhu8qf08gcfmn1q3v8d8ptcc1s.jpg"}],"twitter_card":"summary_large_image","twitter_misc":{"Est. reading time":"1 minute"},"schema":{"@context":"https:\/\/schema.org","@graph":[{"@type":"WebPage","@id":"https:\/\/provimarcas.com\/proteccion-de-datos\/","url":"https:\/\/provimarcas.com\/proteccion-de-datos\/","name":"PROTECCI\u00d3N DE DATOS - Provimarcas","isPartOf":{"@id":"https:\/\/provimarcas.com\/#website"},"primaryImageOfPage":{"@id":"https:\/\/provimarcas.com\/proteccion-de-datos\/#primaryimage"},"image":{"@id":"https:\/\/provimarcas.com\/proteccion-de-datos\/#primaryimage"},"thumbnailUrl":"https:\/\/provimarcas.com\/wp-content\/uploads\/elementor\/thumbs\/CHAM3409-scaled-rbwoi1c2fzyjn93yhhu8qf08gcfmn1q3v8d8ptcc1s.jpg","datePublished":"2024-08-14T17:15:38+00:00","dateModified":"2025-09-25T21:34:54+00:00","breadcrumb":{"@id":"https:\/\/provimarcas.com\/proteccion-de-datos\/#breadcrumb"},"inLanguage":"en-US","potentialAction":[{"@type":"ReadAction","target":["https:\/\/provimarcas.com\/proteccion-de-datos\/"]}]},{"@type":"ImageObject","inLanguage":"en-US","@id":"https:\/\/provimarcas.com\/proteccion-de-datos\/#primaryimage","url":"https:\/\/provimarcas.com\/wp-content\/uploads\/elementor\/thumbs\/CHAM3409-scaled-rbwoi1c2fzyjn93yhhu8qf08gcfmn1q3v8d8ptcc1s.jpg","contentUrl":"https:\/\/provimarcas.com\/wp-content\/uploads\/elementor\/thumbs\/CHAM3409-scaled-rbwoi1c2fzyjn93yhhu8qf08gcfmn1q3v8d8ptcc1s.jpg"},{"@type":"BreadcrumbList","@id":"https:\/\/provimarcas.com\/proteccion-de-datos\/#breadcrumb","itemListElement":[{"@type":"ListItem","position":1,"name":"Home","item":"https:\/\/provimarcas.com\/"},{"@type":"ListItem","position":2,"name":"PROTECCI\u00d3N DE DATOS"}]},{"@type":"WebSite","@id":"https:\/\/provimarcas.com\/#website","url":"https:\/\/provimarcas.com\/","name":"Provimarcas","description":"","publisher":{"@id":"https:\/\/provimarcas.com\/#organization"},"potentialAction":[{"@type":"SearchAction","target":{"@type":"EntryPoint","urlTemplate":"https:\/\/provimarcas.com\/?s={search_term_string}"},"query-input":"required name=search_term_string"}],"inLanguage":"en-US"},{"@type":"Organization","@id":"https:\/\/provimarcas.com\/#organization","name":"Provimarcas","url":"https:\/\/provimarcas.com\/","logo":{"@type":"ImageObject","inLanguage":"en-US","@id":"https:\/\/provimarcas.com\/#\/schema\/logo\/image\/","url":"https:\/\/provimarcas.com\/wp-content\/uploads\/2022\/09\/ingles_mobile-provimarcas.jpg","contentUrl":"https:\/\/provimarcas.com\/wp-content\/uploads\/2022\/09\/ingles_mobile-provimarcas.jpg","width":480,"height":420,"caption":"Provimarcas"},"image":{"@id":"https:\/\/provimarcas.com\/#\/schema\/logo\/image\/"},"sameAs":["https:\/\/www.facebook.com\/provimarcas"]}]}},"_links":{"self":[{"href":"https:\/\/provimarcas.com\/en\/wp-json\/wp\/v2\/pages\/9218"}],"collection":[{"href":"https:\/\/provimarcas.com\/en\/wp-json\/wp\/v2\/pages"}],"about":[{"href":"https:\/\/provimarcas.com\/en\/wp-json\/wp\/v2\/types\/page"}],"author":[{"embeddable":true,"href":"https:\/\/provimarcas.com\/en\/wp-json\/wp\/v2\/users\/3"}],"replies":[{"embeddable":true,"href":"https:\/\/provimarcas.com\/en\/wp-json\/wp\/v2\/comments?post=9218"}],"version-history":[{"count":39,"href":"https:\/\/provimarcas.com\/en\/wp-json\/wp\/v2\/pages\/9218\/revisions"}],"predecessor-version":[{"id":12898,"href":"https:\/\/provimarcas.com\/en\/wp-json\/wp\/v2\/pages\/9218\/revisions\/12898"}],"wp:attachment":[{"href":"https:\/\/provimarcas.com\/en\/wp-json\/wp\/v2\/media?parent=9218"}],"curies":[{"name":"wp","href":"https:\/\/api.w.org\/{rel}","templated":true}]}}